{"id":1305,"date":"2025-05-14T09:18:13","date_gmt":"2025-05-14T09:18:13","guid":{"rendered":"http:\/\/xadoubleh.com\/?post_type=product&#038;p=1305"},"modified":"2025-05-14T09:18:13","modified_gmt":"2025-05-14T09:18:13","slug":"808nm-755nm-1064nm-diode-laser-hair-removal-machine","status":"publish","type":"product","link":"https:\/\/xadoubleh.com\/de\/produkt\/808nm-755nm-1064nm-diodenlaser-haarentfernung-maschine\/","title":{"rendered":"808nm 755nm 1064nm Diodenlaser Haarentfernungsger\u00e4t"},"content":{"rendered":"<h4><strong>Ideal f\u00fcr:<\/strong><\/h4>\n<p class=\"ds-markdown-paragraph\">\u2714 Professionelle Kliniken, Spas, und medizinisch-\u00e4sthetische Zentren<br \/>\n\u2714 Hausgebrauch durch geschulte Praktiker<br \/>\n\u2714 Alle K\u00f6rperbereiche (Gesicht, Beine, Arme, Bikinizone, R\u00fccken)<\/p>\n<h4><strong>Technische Daten:<\/strong><\/h4>\n<ul>\n<li>\n<p class=\"ds-markdown-paragraph\"><strong>Spotgr\u00f6\u00dfen:<\/strong>\u00a09mm\u00b2, 12mm\u00b2, 15mm\u00b2 (einstellbar)<\/p>\n<\/li>\n<li>\n<p class=\"ds-markdown-paragraph\"><strong>Impulsbreite:<\/strong>\u00a010ms-500ms (variabel)<\/p>\n<\/li>\n<li>\n<p class=\"ds-markdown-paragraph\"><strong>Fluence:<\/strong>\u00a05-100 J\/cm\u00b2<\/p>\n<\/li>\n<li>\n<p class=\"ds-markdown-paragraph\"><strong>Wiederholungsrate:<\/strong>\u00a01-3 Hz<\/p>\n<\/li>\n<li>\n<p class=\"ds-markdown-paragraph\"><strong>K\u00fchlung:<\/strong>\u00a0Kontakt + Luftk\u00fchlung<\/p>\n<\/li>\n<\/ul>\n<p class=\"ds-markdown-paragraph\"><strong>Erhalten Sie glattere, haarfreie Haut mit klinisch erprobter Technologie!<\/strong><br \/>\n<strong>Kontaktieren Sie uns noch heute f\u00fcr ein Angebot!<\/strong><\/p>\n<p><img fetchpriority=\"high\" decoding=\"async\" class=\"alignnone size-full wp-image-1313\" src=\"http:\/\/xadoubleh.com\/wp-content\/uploads\/2025\/05\/\u8be6\u60c5\u56fe01.png\" alt=\"\" width=\"750\" height=\"400\" srcset=\"https:\/\/xadoubleh.com\/wp-content\/uploads\/2025\/05\/\u8be6\u60c5\u56fe01.png 750w, https:\/\/xadoubleh.com\/wp-content\/uploads\/2025\/05\/\u8be6\u60c5\u56fe01-300x160.png 300w, https:\/\/xadoubleh.com\/wp-content\/uploads\/2025\/05\/\u8be6\u60c5\u56fe01-18x10.png 18w, https:\/\/xadoubleh.com\/wp-content\/uploads\/2025\/05\/\u8be6\u60c5\u56fe01-600x320.png 600w\" sizes=\"(max-width: 750px) 100vw, 750px\" \/> <img decoding=\"async\" class=\"alignnone size-full wp-image-1314\" src=\"http:\/\/xadoubleh.com\/wp-content\/uploads\/2025\/05\/\u8be6\u60c5\u56fe02.png\" alt=\"\" width=\"750\" height=\"400\" srcset=\"https:\/\/xadoubleh.com\/wp-content\/uploads\/2025\/05\/\u8be6\u60c5\u56fe02.png 750w, https:\/\/xadoubleh.com\/wp-content\/uploads\/2025\/05\/\u8be6\u60c5\u56fe02-300x160.png 300w, https:\/\/xadoubleh.com\/wp-content\/uploads\/2025\/05\/\u8be6\u60c5\u56fe02-18x10.png 18w, https:\/\/xadoubleh.com\/wp-content\/uploads\/2025\/05\/\u8be6\u60c5\u56fe02-600x320.png 600w\" sizes=\"(max-width: 750px) 100vw, 750px\" \/> <img decoding=\"async\" class=\"alignnone size-full wp-image-1315\" src=\"http:\/\/xadoubleh.com\/wp-content\/uploads\/2025\/05\/\u8be6\u60c5\u56fe03.png\" alt=\"\" width=\"750\" height=\"400\" srcset=\"https:\/\/xadoubleh.com\/wp-content\/uploads\/2025\/05\/\u8be6\u60c5\u56fe03.png 750w, https:\/\/xadoubleh.com\/wp-content\/uploads\/2025\/05\/\u8be6\u60c5\u56fe03-300x160.png 300w, https:\/\/xadoubleh.com\/wp-content\/uploads\/2025\/05\/\u8be6\u60c5\u56fe03-18x10.png 18w, https:\/\/xadoubleh.com\/wp-content\/uploads\/2025\/05\/\u8be6\u60c5\u56fe03-600x320.png 600w\" sizes=\"(max-width: 750px) 100vw, 750px\" \/> <img loading=\"lazy\" decoding=\"async\" class=\"alignnone size-full wp-image-1316\" src=\"http:\/\/xadoubleh.com\/wp-content\/uploads\/2025\/05\/\u8be6\u60c5\u56fe04.png\" alt=\"\" width=\"750\" height=\"400\" srcset=\"https:\/\/xadoubleh.com\/wp-content\/uploads\/2025\/05\/\u8be6\u60c5\u56fe04.png 750w, https:\/\/xadoubleh.com\/wp-content\/uploads\/2025\/05\/\u8be6\u60c5\u56fe04-300x160.png 300w, https:\/\/xadoubleh.com\/wp-content\/uploads\/2025\/05\/\u8be6\u60c5\u56fe04-18x10.png 18w, https:\/\/xadoubleh.com\/wp-content\/uploads\/2025\/05\/\u8be6\u60c5\u56fe04-600x320.png 600w\" sizes=\"(max-width: 750px) 100vw, 750px\" \/> <img loading=\"lazy\" decoding=\"async\" class=\"alignnone size-full wp-image-1317\" src=\"http:\/\/xadoubleh.com\/wp-content\/uploads\/2025\/05\/\u8be6\u60c5\u56fe05.png\" alt=\"\" width=\"750\" height=\"400\" srcset=\"https:\/\/xadoubleh.com\/wp-content\/uploads\/2025\/05\/\u8be6\u60c5\u56fe05.png 750w, https:\/\/xadoubleh.com\/wp-content\/uploads\/2025\/05\/\u8be6\u60c5\u56fe05-300x160.png 300w, https:\/\/xadoubleh.com\/wp-content\/uploads\/2025\/05\/\u8be6\u60c5\u56fe05-18x10.png 18w, https:\/\/xadoubleh.com\/wp-content\/uploads\/2025\/05\/\u8be6\u60c5\u56fe05-600x320.png 600w\" sizes=\"(max-width: 750px) 100vw, 750px\" \/> <img loading=\"lazy\" decoding=\"async\" class=\"alignnone size-full wp-image-1318\" src=\"http:\/\/xadoubleh.com\/wp-content\/uploads\/2025\/05\/\u8be6\u60c5\u56fe06.png\" alt=\"\" width=\"750\" height=\"400\" srcset=\"https:\/\/xadoubleh.com\/wp-content\/uploads\/2025\/05\/\u8be6\u60c5\u56fe06.png 750w, https:\/\/xadoubleh.com\/wp-content\/uploads\/2025\/05\/\u8be6\u60c5\u56fe06-300x160.png 300w, https:\/\/xadoubleh.com\/wp-content\/uploads\/2025\/05\/\u8be6\u60c5\u56fe06-18x10.png 18w, https:\/\/xadoubleh.com\/wp-content\/uploads\/2025\/05\/\u8be6\u60c5\u56fe06-600x320.png 600w\" sizes=\"(max-width: 750px) 100vw, 750px\" \/> <img loading=\"lazy\" decoding=\"async\" class=\"alignnone size-full wp-image-1319\" src=\"http:\/\/xadoubleh.com\/wp-content\/uploads\/2025\/05\/\u8be6\u60c5\u56fe07.png\" alt=\"\" width=\"750\" height=\"400\" srcset=\"https:\/\/xadoubleh.com\/wp-content\/uploads\/2025\/05\/\u8be6\u60c5\u56fe07.png 750w, https:\/\/xadoubleh.com\/wp-content\/uploads\/2025\/05\/\u8be6\u60c5\u56fe07-300x160.png 300w, https:\/\/xadoubleh.com\/wp-content\/uploads\/2025\/05\/\u8be6\u60c5\u56fe07-18x10.png 18w, https:\/\/xadoubleh.com\/wp-content\/uploads\/2025\/05\/\u8be6\u60c5\u56fe07-600x320.png 600w\" sizes=\"(max-width: 750px) 100vw, 750px\" \/> <img loading=\"lazy\" decoding=\"async\" class=\"alignnone size-full wp-image-1320\" src=\"http:\/\/xadoubleh.com\/wp-content\/uploads\/2025\/05\/\u8be6\u60c5\u56fe08.png\" alt=\"\" width=\"750\" height=\"400\" srcset=\"https:\/\/xadoubleh.com\/wp-content\/uploads\/2025\/05\/\u8be6\u60c5\u56fe08.png 750w, https:\/\/xadoubleh.com\/wp-content\/uploads\/2025\/05\/\u8be6\u60c5\u56fe08-300x160.png 300w, https:\/\/xadoubleh.com\/wp-content\/uploads\/2025\/05\/\u8be6\u60c5\u56fe08-18x10.png 18w, https:\/\/xadoubleh.com\/wp-content\/uploads\/2025\/05\/\u8be6\u60c5\u56fe08-600x320.png 600w\" sizes=\"(max-width: 750px) 100vw, 750px\" \/><\/p>","protected":false},"excerpt":{"rendered":"<h4><strong>Professionelle Diodenlaser-Haarentfernungsmaschine<\/strong><\/h4>\n<p><strong>Modell:<\/strong> DH-HR01<br \/>\n<strong>Wellenl\u00e4ngen:<\/strong>\u00a0808nm - 755nm - 1064nm (Dreifach-Wellenl\u00e4ngen-Technologie)<\/p>\n<p><strong>Fortgeschrittene permanente Haarreduktion<\/strong><br \/>\nUnser\u00a0<strong>Diodenlaser-Haarentfernungsger\u00e4t in medizinischer Qualit\u00e4t<\/strong>\u00a0liefert sichere, wirksame und lang anhaltende Ergebnisse f\u00fcr alle Hauttypen (Fitzpatrick I-VI). Die\u00a0<strong>Drei-Wellenl\u00e4ngen-System<\/strong>\u00a0(755nm, 808nm und 1064nm) sorgt daf\u00fcr, dass das Melanin in den Haarfollikeln optimal erreicht wird und die Haut so wenig wie m\u00f6glich gesch\u00e4digt wird.<\/p>\n<h4><strong>Wesentliche Merkmale:<\/strong><\/h4>\n<p class=\"ds-markdown-paragraph\">\u2705\u00a0<strong>Dreifach-Wellenl\u00e4ngen-Technologie<\/strong>\u00a0- Anpassbar f\u00fcr verschiedene Hautt\u00f6ne und Haarfarben<br \/>\n\u2705\u00a0<strong>Hohe Energieleistung (bis zu 3000 W)<\/strong>\u00a0- Schnellere Behandlung, weniger Sitzungen erforderlich<br \/>\n\u2705\u00a0<strong>Intelligentes K\u00fchlsystem (5\u00b0C~10\u00b0C)<\/strong>\u00a0- Minimiert Unannehmlichkeiten und sch\u00fctzt die Haut<br \/>\n\u2705\u00a0<strong>10\u2033 Touchscreen-Display<\/strong>\u00a0- Benutzerfreundliche Oberfl\u00e4che mit voreingestellten Programmen<br \/>\n\u2705\u00a0<strong>FDA\/CE-zertifiziert<\/strong>\u00a0- Sicher f\u00fcr den professionellen Einsatz und die Verwendung in der Klinik zu Hause<br \/>\n\u2705\u00a0<strong>500.000 Sch\u00fcsse Lebenszeit<\/strong>\u00a0- Langlebig &amp; kosteng\u00fcnstig<\/p>","protected":false},"featured_media":1307,"comment_status":"open","ping_status":"closed","template":"","meta":{"_acf_changed":false},"product_cat":[71],"product_tag":[],"class_list":{"0":"post-1305","1":"product","2":"type-product","3":"status-publish","4":"has-post-thumbnail","6":"product_cat-laser-hair-removal-machine","8":"first","9":"instock","10":"shipping-taxable","11":"product-type-simple"},"acf":[],"_links":{"self":[{"href":"https:\/\/xadoubleh.com\/de\/wp-json\/wp\/v2\/product\/1305","targetHints":{"allow":["GET"]}}],"collection":[{"href":"https:\/\/xadoubleh.com\/de\/wp-json\/wp\/v2\/product"}],"about":[{"href":"https:\/\/xadoubleh.com\/de\/wp-json\/wp\/v2\/types\/product"}],"replies":[{"embeddable":true,"href":"https:\/\/xadoubleh.com\/de\/wp-json\/wp\/v2\/comments?post=1305"}],"wp:featuredmedia":[{"embeddable":true,"href":"https:\/\/xadoubleh.com\/de\/wp-json\/wp\/v2\/media\/1307"}],"wp:attachment":[{"href":"https:\/\/xadoubleh.com\/de\/wp-json\/wp\/v2\/media?parent=1305"}],"wp:term":[{"taxonomy":"product_cat","embeddable":true,"href":"https:\/\/xadoubleh.com\/de\/wp-json\/wp\/v2\/product_cat?post=1305"},{"taxonomy":"product_tag","embeddable":true,"href":"https:\/\/xadoubleh.com\/de\/wp-json\/wp\/v2\/product_tag?post=1305"}],"curies":[{"name":"wp","href":"https:\/\/api.w.org\/{rel}","templated":true}]}}