{"id":605,"date":"2024-10-26T07:49:21","date_gmt":"2024-10-26T07:49:21","guid":{"rendered":"http:\/\/xadoubleh.com\/?post_type=product&#038;p=605"},"modified":"2024-10-26T07:54:23","modified_gmt":"2024-10-26T07:54:23","slug":"skin-analyzer-magic-mirror-skin-analysis-device-professional-face-skin-analysis-2","status":"publish","type":"product","link":"https:\/\/xadoubleh.com\/de\/produkt\/hautanalysegerat-magischer-spiegel-hautanalysegerat-professionelle-gesichtshautanalyse-2\/","title":{"rendered":"SKIN ANALYZER Magic Mirror Hautanalyseger\u00e4t professionelle Gesichtshautanalyse"},"content":{"rendered":"<p>Magic Mirror ist ein professionelles Ger\u00e4t zur Analyse der Gesichtshaut. Es nutzt das RGB- und UV-Licht-Spektrum, um durch die spektrale Bildgebungstechnologie sowohl oberfl\u00e4chliche als auch tiefe Hautprobleme wie Pigmentierung, Falten, Poren, Akne, Feuchtigkeit, Empfindlichkeit usw. zu erkennen.<\/p>\n<p>Skin Analyzer System ist derzeit die weltweit am weitesten fortgeschrittene Haut Erkennungssystem f\u00fcr die Analyse, genannt \"Haut CT\", es mit RGB-und UV-Spektral-Imaging-Technologie, kann es genaue quantitative und qualitative Analyse der Anzahl der herausragenden Stelle, Fleckendichte, Anzahl der Poren, Falten, etc. sowie die schlechte Kosmetika, UV-oder Sonnenlicht, um verschiedene Grade der Sch\u00e4den an der Haut verursachen, um eine genaue Diagnose und Analyse. Ist eines der wichtigsten Ger\u00e4te in der Sch\u00f6nheit Krankenhaus, Krankenhaus-Abteilung der Dermatologie und Sch\u00f6nheitssalons, etc.<\/p>","protected":false},"excerpt":{"rendered":"<p><strong><b>HAUTANALYZER \u00a0<\/b><\/strong>Magic Mirror Hautanalyseger\u00e4t professionelle Gesichtshautanalyse<\/p>","protected":false},"featured_media":606,"comment_status":"open","ping_status":"closed","template":"","meta":{"_acf_changed":false},"product_cat":[52],"product_tag":[],"class_list":{"0":"post-605","1":"product","2":"type-product","3":"status-publish","4":"has-post-thumbnail","6":"product_cat-skin-analyzer","8":"first","9":"instock","10":"shipping-taxable","11":"product-type-simple"},"acf":[],"_links":{"self":[{"href":"https:\/\/xadoubleh.com\/de\/wp-json\/wp\/v2\/product\/605","targetHints":{"allow":["GET"]}}],"collection":[{"href":"https:\/\/xadoubleh.com\/de\/wp-json\/wp\/v2\/product"}],"about":[{"href":"https:\/\/xadoubleh.com\/de\/wp-json\/wp\/v2\/types\/product"}],"replies":[{"embeddable":true,"href":"https:\/\/xadoubleh.com\/de\/wp-json\/wp\/v2\/comments?post=605"}],"wp:featuredmedia":[{"embeddable":true,"href":"https:\/\/xadoubleh.com\/de\/wp-json\/wp\/v2\/media\/606"}],"wp:attachment":[{"href":"https:\/\/xadoubleh.com\/de\/wp-json\/wp\/v2\/media?parent=605"}],"wp:term":[{"taxonomy":"product_cat","embeddable":true,"href":"https:\/\/xadoubleh.com\/de\/wp-json\/wp\/v2\/product_cat?post=605"},{"taxonomy":"product_tag","embeddable":true,"href":"https:\/\/xadoubleh.com\/de\/wp-json\/wp\/v2\/product_tag?post=605"}],"curies":[{"name":"wp","href":"https:\/\/api.w.org\/{rel}","templated":true}]}}