{"id":612,"date":"2024-10-26T07:54:00","date_gmt":"2024-10-26T07:54:00","guid":{"rendered":"http:\/\/xadoubleh.com\/?post_type=product&#038;p=612"},"modified":"2024-10-26T07:54:00","modified_gmt":"2024-10-26T07:54:00","slug":"skin-analyzer-magic-mirror-skin-analysis-device-professional-face-skin-analysis-3","status":"publish","type":"product","link":"https:\/\/xadoubleh.com\/de\/produkt\/hautanalysator-magischen-spiegel-hautanalyse-gerat-professionelle-gesicht-hautanalyse-3\/","title":{"rendered":"SKIN ANALYZER Magic Mirror Hautanalyseger\u00e4t professionelle Gesichtshautanalyse"},"content":{"rendered":"<p>Cloud-Computing-Technologie, schnelle und pr\u00e4zise Analyse.<\/p>\n<p>Die Daten sind objektiv und genau.<\/p>\n<p>Hochaufl\u00f6sende Kamera in Industriequalit\u00e4t, die hochaufl\u00f6sende Bilder perfekt darstellt.<\/p>\n<p>Gesichtserkennung, automatische Konturierung des Gesichts, spart Zeit und M\u00fche.<\/p>\n<p>Intelligentes Deep Learning, automatische Aktualisierung der Instrumente, mehr und mehr<\/p>\n<p>Genaue Daten, endloses Lernen.<\/p>\n<p>Cloud-Speicher mit unbegrenzter Kapazit\u00e4t.<\/p>\n<p>Unterst\u00fctzung der Verwaltung mehrerer Benutzerkonten.<\/p>","protected":false},"excerpt":{"rendered":"<p><strong><b>HAUTANALYZER <\/b><\/strong>Magic Mirror Hautanalyseger\u00e4t professionelle Gesichtshautanalyse<\/p>\n<p>Haut Feuchtigkeitsgehalt, RGB-Falten, Hautton, Talg,<\/p>\n<p>RGB-Poren, RGB-Akne, dunkle Flecken, Mitesser, dunkle Augenringe,<\/p>\n<p>PL-Empfindlichkeit, UV-Akne, UV-Flecken, Pigment, Kollagenfasern<\/p>","protected":false},"featured_media":613,"comment_status":"open","ping_status":"closed","template":"","meta":{"_acf_changed":false},"product_cat":[52],"product_tag":[],"class_list":{"0":"post-612","1":"product","2":"type-product","3":"status-publish","4":"has-post-thumbnail","6":"product_cat-skin-analyzer","8":"first","9":"instock","10":"shipping-taxable","11":"product-type-simple"},"acf":[],"_links":{"self":[{"href":"https:\/\/xadoubleh.com\/de\/wp-json\/wp\/v2\/product\/612","targetHints":{"allow":["GET"]}}],"collection":[{"href":"https:\/\/xadoubleh.com\/de\/wp-json\/wp\/v2\/product"}],"about":[{"href":"https:\/\/xadoubleh.com\/de\/wp-json\/wp\/v2\/types\/product"}],"replies":[{"embeddable":true,"href":"https:\/\/xadoubleh.com\/de\/wp-json\/wp\/v2\/comments?post=612"}],"wp:featuredmedia":[{"embeddable":true,"href":"https:\/\/xadoubleh.com\/de\/wp-json\/wp\/v2\/media\/613"}],"wp:attachment":[{"href":"https:\/\/xadoubleh.com\/de\/wp-json\/wp\/v2\/media?parent=612"}],"wp:term":[{"taxonomy":"product_cat","embeddable":true,"href":"https:\/\/xadoubleh.com\/de\/wp-json\/wp\/v2\/product_cat?post=612"},{"taxonomy":"product_tag","embeddable":true,"href":"https:\/\/xadoubleh.com\/de\/wp-json\/wp\/v2\/product_tag?post=612"}],"curies":[{"name":"wp","href":"https:\/\/api.w.org\/{rel}","templated":true}]}}