{"id":618,"date":"2024-10-26T07:59:27","date_gmt":"2024-10-26T07:59:27","guid":{"rendered":"http:\/\/xadoubleh.com\/?post_type=product&#038;p=618"},"modified":"2024-12-04T08:48:57","modified_gmt":"2024-12-04T08:48:57","slug":"skin-analyzer-magic-mirror-skin-analysis-device-professional-face-skin-analysis-4","status":"publish","type":"product","link":"https:\/\/xadoubleh.com\/de\/produkt\/hautanalysator-magischen-spiegel-hautanalyse-gerat-professionelle-gesicht-hautanalyse-4\/","title":{"rendered":"SKIN ANALYZER Magic Mirror Hautanalyseger\u00e4t professionelle Gesichtshautanalyse"},"content":{"rendered":"<p>Im Zustand des nat\u00fcrlichen Lichts ist das Sonnenlicht weich und gleichm\u00e4\u00dfig Licht. Das multidirektionale diffuse Licht wird verwendet, um das ganze Gesicht gleichm\u00e4\u00dfig zu beleuchten, ohne Schatten und scharfe Linien, die den Zustand der Hautfarbe erkennen und deutlich sehen, Falten, Poren, Farbflecken und Akne k\u00f6nnen. Deutlich zeigen den Zustand des Gesichts<br \/>\nHaut im nat\u00fcrlichen Sonnenlicht, als Grundlage f\u00fcr die Gesamtbeurteilung der klinischen Haut.<\/p>","protected":false},"excerpt":{"rendered":"<p><strong><b>HAUTANALYZER <\/b><\/strong>Magic Mirror Hautanalyseger\u00e4t professionelle Gesichtshautanalyse<\/p>","protected":false},"featured_media":619,"comment_status":"open","ping_status":"closed","template":"","meta":{"_acf_changed":false},"product_cat":[52],"product_tag":[],"class_list":{"0":"post-618","1":"product","2":"type-product","3":"status-publish","4":"has-post-thumbnail","6":"product_cat-skin-analyzer","8":"first","9":"instock","10":"shipping-taxable","11":"product-type-simple"},"acf":[],"_links":{"self":[{"href":"https:\/\/xadoubleh.com\/de\/wp-json\/wp\/v2\/product\/618","targetHints":{"allow":["GET"]}}],"collection":[{"href":"https:\/\/xadoubleh.com\/de\/wp-json\/wp\/v2\/product"}],"about":[{"href":"https:\/\/xadoubleh.com\/de\/wp-json\/wp\/v2\/types\/product"}],"replies":[{"embeddable":true,"href":"https:\/\/xadoubleh.com\/de\/wp-json\/wp\/v2\/comments?post=618"}],"wp:featuredmedia":[{"embeddable":true,"href":"https:\/\/xadoubleh.com\/de\/wp-json\/wp\/v2\/media\/619"}],"wp:attachment":[{"href":"https:\/\/xadoubleh.com\/de\/wp-json\/wp\/v2\/media?parent=618"}],"wp:term":[{"taxonomy":"product_cat","embeddable":true,"href":"https:\/\/xadoubleh.com\/de\/wp-json\/wp\/v2\/product_cat?post=618"},{"taxonomy":"product_tag","embeddable":true,"href":"https:\/\/xadoubleh.com\/de\/wp-json\/wp\/v2\/product_tag?post=618"}],"curies":[{"name":"wp","href":"https:\/\/api.w.org\/{rel}","templated":true}]}}