{"id":631,"date":"2024-10-26T08:06:33","date_gmt":"2024-10-26T08:06:33","guid":{"rendered":"http:\/\/xadoubleh.com\/?post_type=product&#038;p=631"},"modified":"2024-12-03T06:33:05","modified_gmt":"2024-12-03T06:33:05","slug":"four-spectrum-hair-follicle-skin-detector","status":"publish","type":"product","link":"https:\/\/xadoubleh.com\/de\/produkt\/vier-spektrum-haarfollikel-hautdetektor\/","title":{"rendered":"VIER-SPEKTREN-HAARFOLLIKEL-HAUTDETEKTOR"},"content":{"rendered":"<p>Vier-Spektren-Detektion<\/p>\n<p>(200XVergr\u00f6\u00dferung+50XDreiecksspektrum)<\/p>\n<p>200-fache optische Vergr\u00f6\u00dferung zur Vergr\u00f6\u00dferung von Kopfhaut und Haarfollikeln mit 800-facher Aufl\u00f6sung<\/p>\n<p>50X drei Spektrum zu erkennen drei verschiedene Probleme f\u00fcr Kopfhaut und Haut<\/p>\n<p>Wei\u00dfes Licht (Hauterkennung): Beobachtung von trockener und fettiger Kopfhaut, verstopften Haarfollikeln,<\/p>\n<p>sowie die Alterung der Kopfhaut.<\/p>\n<p>UV-Licht (UV-Schicht): fr\u00fchzeitige Erkennung der M\u00f6glichkeit einer Kopfhautinfektion auf der<\/p>\n<p>Prinzip, dass Porphyrin-\u00e4hnliche Substanzen, die von der Epifollikulitis abgebaut werden, zu<\/p>","protected":false},"excerpt":{"rendered":"<p>VIER-SPEKTREN-HAARFOLLIKEL-HAUTDETEKTOR<\/p>\n<p>(200XVergr\u00f6\u00dferung+50XDreiecksspektrum)<\/p>\n<p>200-fache optische Vergr\u00f6\u00dferung zur Vergr\u00f6\u00dferung von Kopfhaut und Haarfollikeln mit 800-facher Aufl\u00f6sung<\/p>\n<p>50X drei Spektrum zu erkennen drei verschiedene Probleme f\u00fcr Kopfhaut und Haut<\/p>\n<p>Wei\u00dfes Licht (Hauterkennung): Beobachtung von trockener und fettiger Kopfhaut, verstopften Haarfollikeln,<\/p>\n<p>sowie die Alterung der Kopfhaut.<\/p>\n<p>UV-Licht (UV-Schicht): fr\u00fchzeitige Erkennung der M\u00f6glichkeit einer Kopfhautinfektion auf der<\/p>\n<p>Prinzip, dass Porphyrin-\u00e4hnliche Substanzen, die von der Epifollikulitis abgebaut werden, zu<\/p>\n<p>rot unter UV-Licht.<\/p>\n<p>Polarisiertes Licht (Mesoderm-Erkennung): Erkennung von R\u00f6tungen und Pigmentierungen der Kopfhaut,<\/p>\n<p>und Skalp alle ergic in Entz\u00fcndung.<\/p>","protected":false},"featured_media":633,"comment_status":"open","ping_status":"closed","template":"","meta":{"_acf_changed":false},"product_cat":[51],"product_tag":[],"class_list":{"0":"post-631","1":"product","2":"type-product","3":"status-publish","4":"has-post-thumbnail","6":"product_cat-hair-scalp-detector","8":"first","9":"instock","10":"shipping-taxable","11":"product-type-simple"},"acf":[],"_links":{"self":[{"href":"https:\/\/xadoubleh.com\/de\/wp-json\/wp\/v2\/product\/631","targetHints":{"allow":["GET"]}}],"collection":[{"href":"https:\/\/xadoubleh.com\/de\/wp-json\/wp\/v2\/product"}],"about":[{"href":"https:\/\/xadoubleh.com\/de\/wp-json\/wp\/v2\/types\/product"}],"replies":[{"embeddable":true,"href":"https:\/\/xadoubleh.com\/de\/wp-json\/wp\/v2\/comments?post=631"}],"wp:featuredmedia":[{"embeddable":true,"href":"https:\/\/xadoubleh.com\/de\/wp-json\/wp\/v2\/media\/633"}],"wp:attachment":[{"href":"https:\/\/xadoubleh.com\/de\/wp-json\/wp\/v2\/media?parent=631"}],"wp:term":[{"taxonomy":"product_cat","embeddable":true,"href":"https:\/\/xadoubleh.com\/de\/wp-json\/wp\/v2\/product_cat?post=631"},{"taxonomy":"product_tag","embeddable":true,"href":"https:\/\/xadoubleh.com\/de\/wp-json\/wp\/v2\/product_tag?post=631"}],"curies":[{"name":"wp","href":"https:\/\/api.w.org\/{rel}","templated":true}]}}