{"id":1305,"date":"2025-05-14T09:18:13","date_gmt":"2025-05-14T09:18:13","guid":{"rendered":"http:\/\/xadoubleh.com\/?post_type=product&#038;p=1305"},"modified":"2025-05-14T09:18:13","modified_gmt":"2025-05-14T09:18:13","slug":"808nm-755nm-1064nm-diode-laser-hair-removal-machine","status":"publish","type":"product","link":"https:\/\/xadoubleh.com\/es\/producto\/808nm-755nm-1064nm-diodo-laser-depilacion-maquina\/","title":{"rendered":"Depiladora l\u00e1ser de diodo 808nm 755nm 1064nm"},"content":{"rendered":"<h4><strong>Ideal para:<\/strong><\/h4>\n<p class=\"ds-markdown-paragraph\">Cl\u00ednicas profesionales, spas y centros de medicina est\u00e9tica<br \/>\n\u2714 Uso dom\u00e9stico por profesionales formados<br \/>\n\u2714 Todas las zonas del cuerpo (cara, piernas, brazos, l\u00ednea del bikini, espalda)<\/p>\n<h4><strong>Especificaciones t\u00e9cnicas:<\/strong><\/h4>\n<ul>\n<li>\n<p class=\"ds-markdown-paragraph\"><strong>Tama\u00f1o de las manchas:<\/strong>\u00a09mm\u00b2, 12mm\u00b2, 15mm\u00b2 (ajustable)<\/p>\n<\/li>\n<li>\n<p class=\"ds-markdown-paragraph\"><strong>Ancho de pulso:<\/strong>\u00a010ms-500ms (variable)<\/p>\n<\/li>\n<li>\n<p class=\"ds-markdown-paragraph\"><strong>Fluence:<\/strong>\u00a05-100 J\/cm\u00b2.<\/p>\n<\/li>\n<li>\n<p class=\"ds-markdown-paragraph\"><strong>Ritmo de repetici\u00f3n:<\/strong>\u00a01-3 Hz<\/p>\n<\/li>\n<li>\n<p class=\"ds-markdown-paragraph\"><strong>Refrigeraci\u00f3n:<\/strong>\u00a0Contacto + refrigeraci\u00f3n por aire<\/p>\n<\/li>\n<\/ul>\n<p class=\"ds-markdown-paragraph\"><strong>Consigue una piel m\u00e1s suave y libre de vello con una tecnolog\u00eda cl\u00ednicamente probada.<\/strong><br \/>\n<strong>P\u00f3ngase en contacto con nosotros hoy mismo para solicitar presupuestos.<\/strong><\/p>\n<p><img fetchpriority=\"high\" decoding=\"async\" class=\"alignnone size-full wp-image-1313\" src=\"http:\/\/xadoubleh.com\/wp-content\/uploads\/2025\/05\/\u8be6\u60c5\u56fe01.png\" alt=\"\" width=\"750\" height=\"400\" srcset=\"https:\/\/xadoubleh.com\/wp-content\/uploads\/2025\/05\/\u8be6\u60c5\u56fe01.png 750w, https:\/\/xadoubleh.com\/wp-content\/uploads\/2025\/05\/\u8be6\u60c5\u56fe01-300x160.png 300w, https:\/\/xadoubleh.com\/wp-content\/uploads\/2025\/05\/\u8be6\u60c5\u56fe01-18x10.png 18w, https:\/\/xadoubleh.com\/wp-content\/uploads\/2025\/05\/\u8be6\u60c5\u56fe01-600x320.png 600w\" sizes=\"(max-width: 750px) 100vw, 750px\" \/> <img decoding=\"async\" class=\"alignnone size-full wp-image-1314\" src=\"http:\/\/xadoubleh.com\/wp-content\/uploads\/2025\/05\/\u8be6\u60c5\u56fe02.png\" alt=\"\" width=\"750\" height=\"400\" srcset=\"https:\/\/xadoubleh.com\/wp-content\/uploads\/2025\/05\/\u8be6\u60c5\u56fe02.png 750w, https:\/\/xadoubleh.com\/wp-content\/uploads\/2025\/05\/\u8be6\u60c5\u56fe02-300x160.png 300w, https:\/\/xadoubleh.com\/wp-content\/uploads\/2025\/05\/\u8be6\u60c5\u56fe02-18x10.png 18w, https:\/\/xadoubleh.com\/wp-content\/uploads\/2025\/05\/\u8be6\u60c5\u56fe02-600x320.png 600w\" sizes=\"(max-width: 750px) 100vw, 750px\" \/> <img decoding=\"async\" class=\"alignnone size-full wp-image-1315\" src=\"http:\/\/xadoubleh.com\/wp-content\/uploads\/2025\/05\/\u8be6\u60c5\u56fe03.png\" alt=\"\" width=\"750\" height=\"400\" srcset=\"https:\/\/xadoubleh.com\/wp-content\/uploads\/2025\/05\/\u8be6\u60c5\u56fe03.png 750w, https:\/\/xadoubleh.com\/wp-content\/uploads\/2025\/05\/\u8be6\u60c5\u56fe03-300x160.png 300w, https:\/\/xadoubleh.com\/wp-content\/uploads\/2025\/05\/\u8be6\u60c5\u56fe03-18x10.png 18w, https:\/\/xadoubleh.com\/wp-content\/uploads\/2025\/05\/\u8be6\u60c5\u56fe03-600x320.png 600w\" sizes=\"(max-width: 750px) 100vw, 750px\" \/> <img loading=\"lazy\" decoding=\"async\" class=\"alignnone size-full wp-image-1316\" src=\"http:\/\/xadoubleh.com\/wp-content\/uploads\/2025\/05\/\u8be6\u60c5\u56fe04.png\" alt=\"\" width=\"750\" height=\"400\" srcset=\"https:\/\/xadoubleh.com\/wp-content\/uploads\/2025\/05\/\u8be6\u60c5\u56fe04.png 750w, https:\/\/xadoubleh.com\/wp-content\/uploads\/2025\/05\/\u8be6\u60c5\u56fe04-300x160.png 300w, https:\/\/xadoubleh.com\/wp-content\/uploads\/2025\/05\/\u8be6\u60c5\u56fe04-18x10.png 18w, https:\/\/xadoubleh.com\/wp-content\/uploads\/2025\/05\/\u8be6\u60c5\u56fe04-600x320.png 600w\" sizes=\"(max-width: 750px) 100vw, 750px\" \/> <img loading=\"lazy\" decoding=\"async\" class=\"alignnone size-full wp-image-1317\" src=\"http:\/\/xadoubleh.com\/wp-content\/uploads\/2025\/05\/\u8be6\u60c5\u56fe05.png\" alt=\"\" width=\"750\" height=\"400\" srcset=\"https:\/\/xadoubleh.com\/wp-content\/uploads\/2025\/05\/\u8be6\u60c5\u56fe05.png 750w, https:\/\/xadoubleh.com\/wp-content\/uploads\/2025\/05\/\u8be6\u60c5\u56fe05-300x160.png 300w, https:\/\/xadoubleh.com\/wp-content\/uploads\/2025\/05\/\u8be6\u60c5\u56fe05-18x10.png 18w, https:\/\/xadoubleh.com\/wp-content\/uploads\/2025\/05\/\u8be6\u60c5\u56fe05-600x320.png 600w\" sizes=\"(max-width: 750px) 100vw, 750px\" \/> <img loading=\"lazy\" decoding=\"async\" class=\"alignnone size-full wp-image-1318\" src=\"http:\/\/xadoubleh.com\/wp-content\/uploads\/2025\/05\/\u8be6\u60c5\u56fe06.png\" alt=\"\" width=\"750\" height=\"400\" srcset=\"https:\/\/xadoubleh.com\/wp-content\/uploads\/2025\/05\/\u8be6\u60c5\u56fe06.png 750w, https:\/\/xadoubleh.com\/wp-content\/uploads\/2025\/05\/\u8be6\u60c5\u56fe06-300x160.png 300w, https:\/\/xadoubleh.com\/wp-content\/uploads\/2025\/05\/\u8be6\u60c5\u56fe06-18x10.png 18w, https:\/\/xadoubleh.com\/wp-content\/uploads\/2025\/05\/\u8be6\u60c5\u56fe06-600x320.png 600w\" sizes=\"(max-width: 750px) 100vw, 750px\" \/> <img loading=\"lazy\" decoding=\"async\" class=\"alignnone size-full wp-image-1319\" src=\"http:\/\/xadoubleh.com\/wp-content\/uploads\/2025\/05\/\u8be6\u60c5\u56fe07.png\" alt=\"\" width=\"750\" height=\"400\" srcset=\"https:\/\/xadoubleh.com\/wp-content\/uploads\/2025\/05\/\u8be6\u60c5\u56fe07.png 750w, https:\/\/xadoubleh.com\/wp-content\/uploads\/2025\/05\/\u8be6\u60c5\u56fe07-300x160.png 300w, https:\/\/xadoubleh.com\/wp-content\/uploads\/2025\/05\/\u8be6\u60c5\u56fe07-18x10.png 18w, https:\/\/xadoubleh.com\/wp-content\/uploads\/2025\/05\/\u8be6\u60c5\u56fe07-600x320.png 600w\" sizes=\"(max-width: 750px) 100vw, 750px\" \/> <img loading=\"lazy\" decoding=\"async\" class=\"alignnone size-full wp-image-1320\" src=\"http:\/\/xadoubleh.com\/wp-content\/uploads\/2025\/05\/\u8be6\u60c5\u56fe08.png\" alt=\"\" width=\"750\" height=\"400\" srcset=\"https:\/\/xadoubleh.com\/wp-content\/uploads\/2025\/05\/\u8be6\u60c5\u56fe08.png 750w, https:\/\/xadoubleh.com\/wp-content\/uploads\/2025\/05\/\u8be6\u60c5\u56fe08-300x160.png 300w, https:\/\/xadoubleh.com\/wp-content\/uploads\/2025\/05\/\u8be6\u60c5\u56fe08-18x10.png 18w, https:\/\/xadoubleh.com\/wp-content\/uploads\/2025\/05\/\u8be6\u60c5\u56fe08-600x320.png 600w\" sizes=\"(max-width: 750px) 100vw, 750px\" \/><\/p>","protected":false},"excerpt":{"rendered":"<h4><strong>Depiladora l\u00e1ser de diodo profesional<\/strong><\/h4>\n<p><strong>Modelo:<\/strong> DH-HR01<br \/>\n<strong>Longitudes de onda:<\/strong>\u00a0808nm - 755nm - 1064nm (tecnolog\u00eda de triple longitud de onda)<\/p>\n<p><strong>Reducci\u00f3n permanente avanzada del vello<\/strong><br \/>\nNuestra\u00a0<strong>depiladora l\u00e1ser de diodo de calidad m\u00e9dica<\/strong>\u00a0ofrece resultados seguros, eficaces y duraderos para todos los tipos de piel (Fitzpatrick I-VI). El sitio\u00a0<strong>sistema de triple longitud de onda<\/strong>\u00a0(755 nm, 808 nm y 1064 nm) garantiza una focalizaci\u00f3n \u00f3ptima de la melanina en los fol\u00edculos pilosos al tiempo que minimiza el da\u00f1o cut\u00e1neo.<\/p>\n<h4><strong>Caracter\u00edsticas principales:<\/strong><\/h4>\n<p class=\"ds-markdown-paragraph\">\u2705\u00a0<strong>Tecnolog\u00eda de triple longitud de onda<\/strong>\u00a0- Personalizable para diferentes tonos de piel y colores de pelo<br \/>\n\u2705\u00a0<strong>Alto rendimiento energ\u00e9tico (hasta 3000 W)<\/strong>\u00a0- Tratamiento m\u00e1s r\u00e1pido, menos sesiones necesarias<br \/>\n\u2705\u00a0<strong>Sistema de refrigeraci\u00f3n inteligente (5\u00b0C~10\u00b0C)<\/strong>\u00a0- Minimiza las molestias y protege la piel<br \/>\n\u2705\u00a0<strong>Pantalla t\u00e1ctil de 10<\/strong>\u00a0- Interfaz f\u00e1cil de usar con programas preestablecidos<br \/>\n\u2705\u00a0<strong>Certificado FDA\/CE<\/strong>\u00a0- Seguro para uso cl\u00ednico profesional y dom\u00e9stico<br \/>\n\u2705\u00a0<strong>500.000 disparos Vida \u00fatil<\/strong>\u00a0- Duradero y rentable<\/p>","protected":false},"featured_media":1307,"comment_status":"open","ping_status":"closed","template":"","meta":{"_acf_changed":false},"product_cat":[71],"product_tag":[],"class_list":{"0":"post-1305","1":"product","2":"type-product","3":"status-publish","4":"has-post-thumbnail","6":"product_cat-laser-hair-removal-machine","8":"first","9":"instock","10":"shipping-taxable","11":"product-type-simple"},"acf":[],"_links":{"self":[{"href":"https:\/\/xadoubleh.com\/es\/wp-json\/wp\/v2\/product\/1305","targetHints":{"allow":["GET"]}}],"collection":[{"href":"https:\/\/xadoubleh.com\/es\/wp-json\/wp\/v2\/product"}],"about":[{"href":"https:\/\/xadoubleh.com\/es\/wp-json\/wp\/v2\/types\/product"}],"replies":[{"embeddable":true,"href":"https:\/\/xadoubleh.com\/es\/wp-json\/wp\/v2\/comments?post=1305"}],"wp:featuredmedia":[{"embeddable":true,"href":"https:\/\/xadoubleh.com\/es\/wp-json\/wp\/v2\/media\/1307"}],"wp:attachment":[{"href":"https:\/\/xadoubleh.com\/es\/wp-json\/wp\/v2\/media?parent=1305"}],"wp:term":[{"taxonomy":"product_cat","embeddable":true,"href":"https:\/\/xadoubleh.com\/es\/wp-json\/wp\/v2\/product_cat?post=1305"},{"taxonomy":"product_tag","embeddable":true,"href":"https:\/\/xadoubleh.com\/es\/wp-json\/wp\/v2\/product_tag?post=1305"}],"curies":[{"name":"wp","href":"https:\/\/api.w.org\/{rel}","templated":true}]}}