{"id":605,"date":"2024-10-26T07:49:21","date_gmt":"2024-10-26T07:49:21","guid":{"rendered":"http:\/\/xadoubleh.com\/?post_type=product&#038;p=605"},"modified":"2024-10-26T07:54:23","modified_gmt":"2024-10-26T07:54:23","slug":"skin-analyzer-magic-mirror-skin-analysis-device-professional-face-skin-analysis-2","status":"publish","type":"product","link":"https:\/\/xadoubleh.com\/es\/producto\/analizador-de-piel-espejo-magico-dispositivo-de-analisis-de-la-piel-profesional-cara-analisis-de-la-piel-2\/","title":{"rendered":"SKIN ANALYZER Magic Mirror aparato de an\u00e1lisis de la piel de la cara profesional"},"content":{"rendered":"<p>Magic Mirror es un dispositivo profesional de an\u00e1lisis de la piel de la cara, adopta el espectro de luz RGB y UV, a trav\u00e9s de la tecnolog\u00eda de im\u00e1genes espectrales para ayudarnos a detectar tanto la superficie como la profundidad de los problemas de la piel, incluyendo pigmentaci\u00f3n, arrugas, poros, acn\u00e9, humedad, sensibilidad, etc.<\/p>\n<p>Skin Analyzer System es actualmente el sistema de detecci\u00f3n de la piel m\u00e1s avanzada del mundo para el an\u00e1lisis, llamado \"piel CT\", que el uso de RGB y la tecnolog\u00eda de im\u00e1genes espectrales UV, puede ser preciso an\u00e1lisis cuantitativo y cualitativo del n\u00famero de puntos pendientes, la densidad de manchas, el n\u00famero de poros, arrugas, etc, as\u00ed como los malos cosm\u00e9ticos, UV o la luz solar para causar diferentes grados de da\u00f1o a la piel para hacer un diagn\u00f3stico preciso y an\u00e1lisis. Es uno de los equipos esenciales en el hospital de belleza, departamento de Dermatolog\u00eda y salones de belleza, etc .<\/p>","protected":false},"excerpt":{"rendered":"<p><strong><b>ANALIZADOR DE PIEL \u00a0<\/b><\/strong>Magic Mirror aparato de an\u00e1lisis de la piel de la cara profesional<\/p>","protected":false},"featured_media":606,"comment_status":"open","ping_status":"closed","template":"","meta":{"_acf_changed":false},"product_cat":[52],"product_tag":[],"class_list":{"0":"post-605","1":"product","2":"type-product","3":"status-publish","4":"has-post-thumbnail","6":"product_cat-skin-analyzer","8":"first","9":"instock","10":"shipping-taxable","11":"product-type-simple"},"acf":[],"_links":{"self":[{"href":"https:\/\/xadoubleh.com\/es\/wp-json\/wp\/v2\/product\/605","targetHints":{"allow":["GET"]}}],"collection":[{"href":"https:\/\/xadoubleh.com\/es\/wp-json\/wp\/v2\/product"}],"about":[{"href":"https:\/\/xadoubleh.com\/es\/wp-json\/wp\/v2\/types\/product"}],"replies":[{"embeddable":true,"href":"https:\/\/xadoubleh.com\/es\/wp-json\/wp\/v2\/comments?post=605"}],"wp:featuredmedia":[{"embeddable":true,"href":"https:\/\/xadoubleh.com\/es\/wp-json\/wp\/v2\/media\/606"}],"wp:attachment":[{"href":"https:\/\/xadoubleh.com\/es\/wp-json\/wp\/v2\/media?parent=605"}],"wp:term":[{"taxonomy":"product_cat","embeddable":true,"href":"https:\/\/xadoubleh.com\/es\/wp-json\/wp\/v2\/product_cat?post=605"},{"taxonomy":"product_tag","embeddable":true,"href":"https:\/\/xadoubleh.com\/es\/wp-json\/wp\/v2\/product_tag?post=605"}],"curies":[{"name":"wp","href":"https:\/\/api.w.org\/{rel}","templated":true}]}}