{"id":612,"date":"2024-10-26T07:54:00","date_gmt":"2024-10-26T07:54:00","guid":{"rendered":"http:\/\/xadoubleh.com\/?post_type=product&#038;p=612"},"modified":"2024-10-26T07:54:00","modified_gmt":"2024-10-26T07:54:00","slug":"skin-analyzer-magic-mirror-skin-analysis-device-professional-face-skin-analysis-3","status":"publish","type":"product","link":"https:\/\/xadoubleh.com\/es\/producto\/analizador-de-piel-espejo-magico-dispositivo-de-analisis-de-la-piel-profesional-cara-analisis-de-la-piel-3\/","title":{"rendered":"SKIN ANALYZER Magic Mirror aparato de an\u00e1lisis de la piel de la cara profesional"},"content":{"rendered":"<p>Tecnolog\u00eda de computaci\u00f3n en nube, an\u00e1lisis r\u00e1pidos y precisos.<\/p>\n<p>Los datos son objetivos y precisos.<\/p>\n<p>C\u00e1mara industrial de alta definici\u00f3n, que presenta perfectamente im\u00e1genes de alta definici\u00f3n.<\/p>\n<p>Reconocimiento facial, perfila autom\u00e1ticamente la cara, ahorrando tiempo y esfuerzo.<\/p>\n<p>Aprendizaje profundo inteligente, actualizaci\u00f3n autom\u00e1tica de instrumentos, cada vez m\u00e1s<\/p>\n<p>Datos precisos, aprendizaje sin fin.<\/p>\n<p>Almacenamiento en la nube con capacidad ilimitada.<\/p>\n<p>Admite la gesti\u00f3n multicuenta de usuarios.<\/p>","protected":false},"excerpt":{"rendered":"<p><strong><b>ANALIZADOR DE PIEL <\/b><\/strong>Magic Mirror aparato de an\u00e1lisis de la piel de la cara profesional<\/p>\n<p>Contenido de humedad de la piel, arrugas RGB, tono de la piel, sebo,<\/p>\n<p>Poros RGB, acn\u00e9 RGB, manchas oscuras, puntos negros, ojeras,<\/p>\n<p>Sensibilidad PL, acn\u00e9 UV, manchas UV, pigmento, fibras de col\u00e1geno<\/p>","protected":false},"featured_media":613,"comment_status":"open","ping_status":"closed","template":"","meta":{"_acf_changed":false},"product_cat":[52],"product_tag":[],"class_list":{"0":"post-612","1":"product","2":"type-product","3":"status-publish","4":"has-post-thumbnail","6":"product_cat-skin-analyzer","8":"first","9":"instock","10":"shipping-taxable","11":"product-type-simple"},"acf":[],"_links":{"self":[{"href":"https:\/\/xadoubleh.com\/es\/wp-json\/wp\/v2\/product\/612","targetHints":{"allow":["GET"]}}],"collection":[{"href":"https:\/\/xadoubleh.com\/es\/wp-json\/wp\/v2\/product"}],"about":[{"href":"https:\/\/xadoubleh.com\/es\/wp-json\/wp\/v2\/types\/product"}],"replies":[{"embeddable":true,"href":"https:\/\/xadoubleh.com\/es\/wp-json\/wp\/v2\/comments?post=612"}],"wp:featuredmedia":[{"embeddable":true,"href":"https:\/\/xadoubleh.com\/es\/wp-json\/wp\/v2\/media\/613"}],"wp:attachment":[{"href":"https:\/\/xadoubleh.com\/es\/wp-json\/wp\/v2\/media?parent=612"}],"wp:term":[{"taxonomy":"product_cat","embeddable":true,"href":"https:\/\/xadoubleh.com\/es\/wp-json\/wp\/v2\/product_cat?post=612"},{"taxonomy":"product_tag","embeddable":true,"href":"https:\/\/xadoubleh.com\/es\/wp-json\/wp\/v2\/product_tag?post=612"}],"curies":[{"name":"wp","href":"https:\/\/api.w.org\/{rel}","templated":true}]}}