{"id":631,"date":"2024-10-26T08:06:33","date_gmt":"2024-10-26T08:06:33","guid":{"rendered":"http:\/\/xadoubleh.com\/?post_type=product&#038;p=631"},"modified":"2024-12-03T06:33:05","modified_gmt":"2024-12-03T06:33:05","slug":"four-spectrum-hair-follicle-skin-detector","status":"publish","type":"product","link":"https:\/\/xadoubleh.com\/es\/producto\/detector-de-cuatro-espectros-de-foliculos-pilosos-de-la-piel\/","title":{"rendered":"DETECTOR CUT\u00c1NEO DE CUATRO ESPECTROS DE FOL\u00cdCULOS PILOSOS"},"content":{"rendered":"<p>Detecci\u00f3n de cuatro espectros<\/p>\n<p>(200Xampliaci\u00f3n+50Xtriespectro)<\/p>\n<p>Ampliaci\u00f3n \u00f3ptica de 200X para magnificar el cuero cabelludo y el fol\u00edculo piloso con una resoluci\u00f3n de 800X<\/p>\n<p>50X tres espectros para detectar tres problemas diferentes del cuero cabelludo y la piel<\/p>\n<p>Luz blanca (detecci\u00f3n de la piel): observaci\u00f3n del cuero cabelludo seco y graso, fol\u00edculos pilosos obstruidos,<\/p>\n<p>as\u00ed como el envejecimiento del cuero cabelludo.<\/p>\n<p>Luz ultravioleta (capa UV): detecci\u00f3n precoz de la posibilidad de infecci\u00f3n del cuero cabelludo en el<\/p>\n<p>principio de que las sustancias similares a la porfirina metabolizadas por la epifoliculitis ser\u00e1n<\/p>","protected":false},"excerpt":{"rendered":"<p>DETECTOR CUT\u00c1NEO DE CUATRO ESPECTROS DE FOL\u00cdCULOS PILOSOS<\/p>\n<p>(200Xampliaci\u00f3n+50Xtriespectro)<\/p>\n<p>Ampliaci\u00f3n \u00f3ptica de 200X para magnificar el cuero cabelludo y el fol\u00edculo piloso con una resoluci\u00f3n de 800X<\/p>\n<p>50X tres espectros para detectar tres problemas diferentes del cuero cabelludo y la piel<\/p>\n<p>Luz blanca (detecci\u00f3n de la piel): observaci\u00f3n del cuero cabelludo seco y graso, fol\u00edculos pilosos obstruidos,<\/p>\n<p>as\u00ed como el envejecimiento del cuero cabelludo.<\/p>\n<p>Luz ultravioleta (capa UV): detecci\u00f3n precoz de la posibilidad de infecci\u00f3n del cuero cabelludo en el<\/p>\n<p>principio de que las sustancias similares a la porfirina metabolizadas por la epifoliculitis ser\u00e1n<\/p>\n<p>rojo bajo la luz ultravioleta.<\/p>\n<p>Luz polarizada (detecci\u00f3n del mesodermo): detecci\u00f3n del enrojecimiento del cuero cabelludo, pigmentaci\u00f3n,<\/p>\n<p>y cuero cabelludo todo ergico en inflamaci\u00f3n.<\/p>","protected":false},"featured_media":633,"comment_status":"open","ping_status":"closed","template":"","meta":{"_acf_changed":false},"product_cat":[51],"product_tag":[],"class_list":{"0":"post-631","1":"product","2":"type-product","3":"status-publish","4":"has-post-thumbnail","6":"product_cat-hair-scalp-detector","8":"first","9":"instock","10":"shipping-taxable","11":"product-type-simple"},"acf":[],"_links":{"self":[{"href":"https:\/\/xadoubleh.com\/es\/wp-json\/wp\/v2\/product\/631","targetHints":{"allow":["GET"]}}],"collection":[{"href":"https:\/\/xadoubleh.com\/es\/wp-json\/wp\/v2\/product"}],"about":[{"href":"https:\/\/xadoubleh.com\/es\/wp-json\/wp\/v2\/types\/product"}],"replies":[{"embeddable":true,"href":"https:\/\/xadoubleh.com\/es\/wp-json\/wp\/v2\/comments?post=631"}],"wp:featuredmedia":[{"embeddable":true,"href":"https:\/\/xadoubleh.com\/es\/wp-json\/wp\/v2\/media\/633"}],"wp:attachment":[{"href":"https:\/\/xadoubleh.com\/es\/wp-json\/wp\/v2\/media?parent=631"}],"wp:term":[{"taxonomy":"product_cat","embeddable":true,"href":"https:\/\/xadoubleh.com\/es\/wp-json\/wp\/v2\/product_cat?post=631"},{"taxonomy":"product_tag","embeddable":true,"href":"https:\/\/xadoubleh.com\/es\/wp-json\/wp\/v2\/product_tag?post=631"}],"curies":[{"name":"wp","href":"https:\/\/api.w.org\/{rel}","templated":true}]}}