{"id":643,"date":"2024-10-26T08:10:09","date_gmt":"2024-10-26T08:10:09","guid":{"rendered":"http:\/\/xadoubleh.com\/?post_type=product&#038;p=643"},"modified":"2024-10-26T08:10:09","modified_gmt":"2024-10-26T08:10:09","slug":"gold-microneedle-crystallite-depth-8","status":"publish","type":"product","link":"https:\/\/xadoubleh.com\/es\/producto\/microagujas-de-oro-profundidad-de-cristalito-8\/","title":{"rendered":"MICROAGUJAS DE ORO PROFUNDIDAD DE CRISTALITO 8"},"content":{"rendered":"<p>MICROAGUJAS DE ORO PROFUNDIDAD DE CRISTALITO 8<\/p>\n<p>Rejuvenecimiento, reafirmaci\u00f3n y lifting cut\u00e1neos<\/p>\n<p>Promover la regeneraci\u00f3n del col\u00e1geno<\/p>\n<p>Eliminaci\u00f3n de arrugas<\/p>\n<p>Martillo de hielo para pieles sensibles<\/p>\n<p>Mejorar el tama\u00f1o de los poros<\/p>\n<p>Eliminaci\u00f3n de cicatrices y acn\u00e9<\/p>\n<p>Desodorizaci\u00f3n: tratar el mal olor de las axilas y la hiperhidrosis axilar<\/p>\n<p>Reparaci\u00f3n posparto: Estr\u00edas abdominales, marcas de hinchaz\u00f3n<\/p>\n<p>en nalgas y piernas<\/p>","protected":false},"excerpt":{"rendered":"<p>MICROAGUJAS DE ORO PROFUNDIDAD DE CRISTALITO 8<\/p>\n<p>Asas dobles (cuerpo + cara)<\/p>\n<p>Martillo de hielo<\/p>\n<p>Rejuvenecimiento, reafirmaci\u00f3n y lifting cut\u00e1neos<\/p>\n<p>Promover la regeneraci\u00f3n del col\u00e1geno<\/p>\n<p>Eliminaci\u00f3n de arrugas<\/p>","protected":false},"featured_media":644,"comment_status":"open","ping_status":"closed","template":"","meta":{"_acf_changed":false},"product_cat":[50],"product_tag":[],"class_list":{"0":"post-643","1":"product","2":"type-product","3":"status-publish","4":"has-post-thumbnail","6":"product_cat-rf-microneedling-machine","8":"first","9":"instock","10":"shipping-taxable","11":"product-type-simple"},"acf":[],"_links":{"self":[{"href":"https:\/\/xadoubleh.com\/es\/wp-json\/wp\/v2\/product\/643","targetHints":{"allow":["GET"]}}],"collection":[{"href":"https:\/\/xadoubleh.com\/es\/wp-json\/wp\/v2\/product"}],"about":[{"href":"https:\/\/xadoubleh.com\/es\/wp-json\/wp\/v2\/types\/product"}],"replies":[{"embeddable":true,"href":"https:\/\/xadoubleh.com\/es\/wp-json\/wp\/v2\/comments?post=643"}],"wp:featuredmedia":[{"embeddable":true,"href":"https:\/\/xadoubleh.com\/es\/wp-json\/wp\/v2\/media\/644"}],"wp:attachment":[{"href":"https:\/\/xadoubleh.com\/es\/wp-json\/wp\/v2\/media?parent=643"}],"wp:term":[{"taxonomy":"product_cat","embeddable":true,"href":"https:\/\/xadoubleh.com\/es\/wp-json\/wp\/v2\/product_cat?post=643"},{"taxonomy":"product_tag","embeddable":true,"href":"https:\/\/xadoubleh.com\/es\/wp-json\/wp\/v2\/product_tag?post=643"}],"curies":[{"name":"wp","href":"https:\/\/api.w.org\/{rel}","templated":true}]}}