{"id":659,"date":"2024-10-26T08:11:59","date_gmt":"2024-10-26T08:11:59","guid":{"rendered":"http:\/\/xadoubleh.com\/?post_type=product&#038;p=659"},"modified":"2024-10-26T08:11:59","modified_gmt":"2024-10-26T08:11:59","slug":"gold-rf-microneedling-skin-rejuvenation-firming-and-lifting-promote-collagen-regeneration","status":"publish","type":"product","link":"https:\/\/xadoubleh.com\/es\/producto\/oro-rf-microneedling-rejuvenecimiento-de-la-piel-reafirmante-y-lifting-promover-la-regeneracion-de-colageno\/","title":{"rendered":"MICRONEEDLING RF ORO Rejuvenecimiento cut\u00e1neo Reafirmaci\u00f3n y lifting Favorece la regeneraci\u00f3n del col\u00e1geno"},"content":{"rendered":"<p>MICRONEEDLING RF DE ORO<\/p>\n<p>Rejuvenecimiento, reafirmaci\u00f3n y lifting cut\u00e1neos<\/p>\n<p>Promover la regeneraci\u00f3n del col\u00e1geno<\/p>\n<p>Eliminaci\u00f3n de arrugas<\/p>\n<p>Martillo de hielo para pieles sensibles<\/p>\n<p>Mejorar el tama\u00f1o de los poros<\/p>\n<p>Eliminaci\u00f3n de cicatrices y acn\u00e9<\/p>\n<p>Desodorizaci\u00f3n: tratar el mal olor de las axilas y la hiperhidrosis axilar<\/p>\n<p>Reparaci\u00f3n posparto: Estr\u00edas abdominales, marcas de hinchaz\u00f3n en gl\u00fateos y piernas.<\/p>","protected":false},"excerpt":{"rendered":"<p>MICRONEEDLING RF ORO Rejuvenecimiento cut\u00e1neo Reafirmaci\u00f3n y lifting Favorece la regeneraci\u00f3n del col\u00e1geno<\/p>","protected":false},"featured_media":660,"comment_status":"open","ping_status":"closed","template":"","meta":{"_acf_changed":false},"product_cat":[50],"product_tag":[],"class_list":{"0":"post-659","1":"product","2":"type-product","3":"status-publish","4":"has-post-thumbnail","6":"product_cat-rf-microneedling-machine","8":"first","9":"instock","10":"shipping-taxable","11":"product-type-simple"},"acf":[],"_links":{"self":[{"href":"https:\/\/xadoubleh.com\/es\/wp-json\/wp\/v2\/product\/659","targetHints":{"allow":["GET"]}}],"collection":[{"href":"https:\/\/xadoubleh.com\/es\/wp-json\/wp\/v2\/product"}],"about":[{"href":"https:\/\/xadoubleh.com\/es\/wp-json\/wp\/v2\/types\/product"}],"replies":[{"embeddable":true,"href":"https:\/\/xadoubleh.com\/es\/wp-json\/wp\/v2\/comments?post=659"}],"wp:featuredmedia":[{"embeddable":true,"href":"https:\/\/xadoubleh.com\/es\/wp-json\/wp\/v2\/media\/660"}],"wp:attachment":[{"href":"https:\/\/xadoubleh.com\/es\/wp-json\/wp\/v2\/media?parent=659"}],"wp:term":[{"taxonomy":"product_cat","embeddable":true,"href":"https:\/\/xadoubleh.com\/es\/wp-json\/wp\/v2\/product_cat?post=659"},{"taxonomy":"product_tag","embeddable":true,"href":"https:\/\/xadoubleh.com\/es\/wp-json\/wp\/v2\/product_tag?post=659"}],"curies":[{"name":"wp","href":"https:\/\/api.w.org\/{rel}","templated":true}]}}