{"id":665,"date":"2024-10-26T08:15:03","date_gmt":"2024-10-26T08:15:03","guid":{"rendered":"http:\/\/xadoubleh.com\/?post_type=product&#038;p=665"},"modified":"2024-12-04T08:47:52","modified_gmt":"2024-12-04T08:47:52","slug":"picosecond-laser-machine-tattoo-removal-skin-rejuvenation-and-whitening","status":"publish","type":"product","link":"https:\/\/xadoubleh.com\/es\/producto\/maquina-laser-de-picosegundos-eliminacion-de-tatuajes-rejuvenecimiento-y-blanqueamiento-de-la-piel\/","title":{"rendered":"M\u00c1QUINA L\u00c1SER PICOSEGUNDO Eliminaci\u00f3n de tatuajes Rejuvenecimiento y blanqueamiento de la piel"},"content":{"rendered":"<p>M\u00c1QUINA L\u00c1SER DE PICOSEGUNDOS<\/p>\n<p>Eliminaci\u00f3n de tatuajes<\/p>\n<p>Eliminaci\u00f3n de la pigmentaci\u00f3n<\/p>\n<p>Eliminaci\u00f3n de manchas\/pecas<\/p>\n<p>Eliminaci\u00f3n de tatuajes de cejas<\/p>\n<p>Rejuvenecimiento y blanqueamiento de la piel<\/p>","protected":false},"excerpt":{"rendered":"<p>M\u00c1QUINA L\u00c1SER DE PICOSEGUNDOS<\/p>\n<p>Eliminaci\u00f3n de tatuajes<\/p>\n<p>Eliminaci\u00f3n de la pigmentaci\u00f3n<\/p>\n<p>Eliminaci\u00f3n de manchas\/pecas<\/p>\n<p>Eliminaci\u00f3n de tatuajes de cejas<\/p>\n<p>Rejuvenecimiento y blanqueamiento de la piel<\/p>","protected":false},"featured_media":666,"comment_status":"open","ping_status":"closed","template":"","meta":{"_acf_changed":false},"product_cat":[49],"product_tag":[],"class_list":{"0":"post-665","1":"product","2":"type-product","3":"status-publish","4":"has-post-thumbnail","6":"product_cat-picosecond-laser-machine","8":"first","9":"instock","10":"shipping-taxable","11":"product-type-simple"},"acf":[],"_links":{"self":[{"href":"https:\/\/xadoubleh.com\/es\/wp-json\/wp\/v2\/product\/665","targetHints":{"allow":["GET"]}}],"collection":[{"href":"https:\/\/xadoubleh.com\/es\/wp-json\/wp\/v2\/product"}],"about":[{"href":"https:\/\/xadoubleh.com\/es\/wp-json\/wp\/v2\/types\/product"}],"replies":[{"embeddable":true,"href":"https:\/\/xadoubleh.com\/es\/wp-json\/wp\/v2\/comments?post=665"}],"wp:featuredmedia":[{"embeddable":true,"href":"https:\/\/xadoubleh.com\/es\/wp-json\/wp\/v2\/media\/666"}],"wp:attachment":[{"href":"https:\/\/xadoubleh.com\/es\/wp-json\/wp\/v2\/media?parent=665"}],"wp:term":[{"taxonomy":"product_cat","embeddable":true,"href":"https:\/\/xadoubleh.com\/es\/wp-json\/wp\/v2\/product_cat?post=665"},{"taxonomy":"product_tag","embeddable":true,"href":"https:\/\/xadoubleh.com\/es\/wp-json\/wp\/v2\/product_tag?post=665"}],"curies":[{"name":"wp","href":"https:\/\/api.w.org\/{rel}","templated":true}]}}