{"id":679,"date":"2024-10-26T08:16:32","date_gmt":"2024-10-26T08:16:32","guid":{"rendered":"http:\/\/xadoubleh.com\/?post_type=product&#038;p=679"},"modified":"2024-10-26T08:16:32","modified_gmt":"2024-10-26T08:16:32","slug":"ems-sculpting-machine-pelvic-floor-chair-pelvic-floor-muscle-trainer","status":"publish","type":"product","link":"https:\/\/xadoubleh.com\/es\/producto\/ems-sculpting-machine-silla-para-suelo-pelvico-entrenador-muscular-para-suelo-pelvico\/","title":{"rendered":"M\u00c1QUINA DE ESCULPIDO EMS SILLA PARA SUELO P\u00c9LVICO Entrenador muscular de suelo p\u00e9lvico"},"content":{"rendered":"<p>SILLA PARA SUELO P\u00c9LVICO EMS SCULPTING MACHINE<\/p>\n<ol>\n<li>Ejercicio no invasivo<\/li>\n<li>Entrenador muscular del suelo p\u00e9lvico<\/li>\n<li>Reafirmaci\u00f3n \u00edntima para la mujer, cuidado de la pr\u00f3stata para el hombre<\/li>\n<li>Contorno corporal<\/li>\n<li>Construir m\u00fasculo y forma<\/li>\n<\/ol>","protected":false},"excerpt":{"rendered":"<p>SILLA PARA SUELO P\u00c9LVICO EMS SCULPTING MACHINE<\/p>\n<ol>\n<li>Ejercicio no invasivo<\/li>\n<li>Entrenador muscular del suelo p\u00e9lvico<\/li>\n<li>Reafirmaci\u00f3n \u00edntima para la mujer, cuidado de la pr\u00f3stata para el hombre<\/li>\n<li>Contorno corporal<\/li>\n<li>Construir m\u00fasculo y forma<\/li>\n<\/ol>","protected":false},"featured_media":681,"comment_status":"open","ping_status":"closed","template":"","meta":{"_acf_changed":false},"product_cat":[48],"product_tag":[],"class_list":{"0":"post-679","1":"product","2":"type-product","3":"status-publish","4":"has-post-thumbnail","6":"product_cat-pelvic-floor-muscle-repair-chair","8":"first","9":"instock","10":"shipping-taxable","11":"product-type-simple"},"acf":[],"_links":{"self":[{"href":"https:\/\/xadoubleh.com\/es\/wp-json\/wp\/v2\/product\/679","targetHints":{"allow":["GET"]}}],"collection":[{"href":"https:\/\/xadoubleh.com\/es\/wp-json\/wp\/v2\/product"}],"about":[{"href":"https:\/\/xadoubleh.com\/es\/wp-json\/wp\/v2\/types\/product"}],"replies":[{"embeddable":true,"href":"https:\/\/xadoubleh.com\/es\/wp-json\/wp\/v2\/comments?post=679"}],"wp:featuredmedia":[{"embeddable":true,"href":"https:\/\/xadoubleh.com\/es\/wp-json\/wp\/v2\/media\/681"}],"wp:attachment":[{"href":"https:\/\/xadoubleh.com\/es\/wp-json\/wp\/v2\/media?parent=679"}],"wp:term":[{"taxonomy":"product_cat","embeddable":true,"href":"https:\/\/xadoubleh.com\/es\/wp-json\/wp\/v2\/product_cat?post=679"},{"taxonomy":"product_tag","embeddable":true,"href":"https:\/\/xadoubleh.com\/es\/wp-json\/wp\/v2\/product_tag?post=679"}],"curies":[{"name":"wp","href":"https:\/\/api.w.org\/{rel}","templated":true}]}}