{"id":1305,"date":"2025-05-14T09:18:13","date_gmt":"2025-05-14T09:18:13","guid":{"rendered":"http:\/\/xadoubleh.com\/?post_type=product&#038;p=1305"},"modified":"2025-05-14T09:18:13","modified_gmt":"2025-05-14T09:18:13","slug":"808nm-755nm-1064nm-diode-laser-hair-removal-machine","status":"publish","type":"product","link":"https:\/\/xadoubleh.com\/fr\/produit\/machine-depilation-au-laser-a-diode-808nm-755nm-1064nm\/","title":{"rendered":"Machine d'\u00e9pilation laser \u00e0 diode 808nm 755nm 1064nm"},"content":{"rendered":"<h4><strong>Id\u00e9al pour :<\/strong><\/h4>\n<p class=\"ds-markdown-paragraph\">Cliniques professionnelles, spas et centres m\u00e9dico-esth\u00e9tiques<br \/>\n\u2714 Utilisation \u00e0 domicile par des praticiens form\u00e9s<br \/>\nToutes les zones du corps (visage, jambes, bras, maillot, dos)<\/p>\n<h4><strong>Sp\u00e9cifications techniques :<\/strong><\/h4>\n<ul>\n<li>\n<p class=\"ds-markdown-paragraph\"><strong>Taille des taches :<\/strong>\u00a09mm\u00b2, 12mm\u00b2, 15mm\u00b2 (r\u00e9glable)<\/p>\n<\/li>\n<li>\n<p class=\"ds-markdown-paragraph\"><strong>Largeur d'impulsion :<\/strong>\u00a010ms-500ms (variable)<\/p>\n<\/li>\n<li>\n<p class=\"ds-markdown-paragraph\"><strong>Fluence :<\/strong>\u00a05-100 J\/cm\u00b2<\/p>\n<\/li>\n<li>\n<p class=\"ds-markdown-paragraph\"><strong>Taux de r\u00e9p\u00e9tition :<\/strong>\u00a01-3 Hz<\/p>\n<\/li>\n<li>\n<p class=\"ds-markdown-paragraph\"><strong>Refroidissement :<\/strong>\u00a0Contact + refroidissement par air<\/p>\n<\/li>\n<\/ul>\n<p class=\"ds-markdown-paragraph\"><strong>Obtenez une peau plus lisse et sans poils gr\u00e2ce \u00e0 une technologie cliniquement prouv\u00e9e !<\/strong><br \/>\n<strong>Contactez-nous d\u00e8s aujourd'hui pour obtenir un devis !<\/strong><\/p>\n<p><img fetchpriority=\"high\" decoding=\"async\" class=\"alignnone size-full wp-image-1313\" src=\"http:\/\/xadoubleh.com\/wp-content\/uploads\/2025\/05\/\u8be6\u60c5\u56fe01.png\" alt=\"\" width=\"750\" height=\"400\" srcset=\"https:\/\/xadoubleh.com\/wp-content\/uploads\/2025\/05\/\u8be6\u60c5\u56fe01.png 750w, https:\/\/xadoubleh.com\/wp-content\/uploads\/2025\/05\/\u8be6\u60c5\u56fe01-300x160.png 300w, https:\/\/xadoubleh.com\/wp-content\/uploads\/2025\/05\/\u8be6\u60c5\u56fe01-18x10.png 18w, https:\/\/xadoubleh.com\/wp-content\/uploads\/2025\/05\/\u8be6\u60c5\u56fe01-600x320.png 600w\" sizes=\"(max-width: 750px) 100vw, 750px\" \/> <img decoding=\"async\" class=\"alignnone size-full wp-image-1314\" src=\"http:\/\/xadoubleh.com\/wp-content\/uploads\/2025\/05\/\u8be6\u60c5\u56fe02.png\" alt=\"\" width=\"750\" height=\"400\" srcset=\"https:\/\/xadoubleh.com\/wp-content\/uploads\/2025\/05\/\u8be6\u60c5\u56fe02.png 750w, https:\/\/xadoubleh.com\/wp-content\/uploads\/2025\/05\/\u8be6\u60c5\u56fe02-300x160.png 300w, https:\/\/xadoubleh.com\/wp-content\/uploads\/2025\/05\/\u8be6\u60c5\u56fe02-18x10.png 18w, https:\/\/xadoubleh.com\/wp-content\/uploads\/2025\/05\/\u8be6\u60c5\u56fe02-600x320.png 600w\" sizes=\"(max-width: 750px) 100vw, 750px\" \/> <img decoding=\"async\" class=\"alignnone size-full wp-image-1315\" src=\"http:\/\/xadoubleh.com\/wp-content\/uploads\/2025\/05\/\u8be6\u60c5\u56fe03.png\" alt=\"\" width=\"750\" height=\"400\" srcset=\"https:\/\/xadoubleh.com\/wp-content\/uploads\/2025\/05\/\u8be6\u60c5\u56fe03.png 750w, https:\/\/xadoubleh.com\/wp-content\/uploads\/2025\/05\/\u8be6\u60c5\u56fe03-300x160.png 300w, https:\/\/xadoubleh.com\/wp-content\/uploads\/2025\/05\/\u8be6\u60c5\u56fe03-18x10.png 18w, https:\/\/xadoubleh.com\/wp-content\/uploads\/2025\/05\/\u8be6\u60c5\u56fe03-600x320.png 600w\" sizes=\"(max-width: 750px) 100vw, 750px\" \/> <img loading=\"lazy\" decoding=\"async\" class=\"alignnone size-full wp-image-1316\" src=\"http:\/\/xadoubleh.com\/wp-content\/uploads\/2025\/05\/\u8be6\u60c5\u56fe04.png\" alt=\"\" width=\"750\" height=\"400\" srcset=\"https:\/\/xadoubleh.com\/wp-content\/uploads\/2025\/05\/\u8be6\u60c5\u56fe04.png 750w, https:\/\/xadoubleh.com\/wp-content\/uploads\/2025\/05\/\u8be6\u60c5\u56fe04-300x160.png 300w, https:\/\/xadoubleh.com\/wp-content\/uploads\/2025\/05\/\u8be6\u60c5\u56fe04-18x10.png 18w, https:\/\/xadoubleh.com\/wp-content\/uploads\/2025\/05\/\u8be6\u60c5\u56fe04-600x320.png 600w\" sizes=\"(max-width: 750px) 100vw, 750px\" \/> <img loading=\"lazy\" decoding=\"async\" class=\"alignnone size-full wp-image-1317\" src=\"http:\/\/xadoubleh.com\/wp-content\/uploads\/2025\/05\/\u8be6\u60c5\u56fe05.png\" alt=\"\" width=\"750\" height=\"400\" srcset=\"https:\/\/xadoubleh.com\/wp-content\/uploads\/2025\/05\/\u8be6\u60c5\u56fe05.png 750w, https:\/\/xadoubleh.com\/wp-content\/uploads\/2025\/05\/\u8be6\u60c5\u56fe05-300x160.png 300w, https:\/\/xadoubleh.com\/wp-content\/uploads\/2025\/05\/\u8be6\u60c5\u56fe05-18x10.png 18w, https:\/\/xadoubleh.com\/wp-content\/uploads\/2025\/05\/\u8be6\u60c5\u56fe05-600x320.png 600w\" sizes=\"(max-width: 750px) 100vw, 750px\" \/> <img loading=\"lazy\" decoding=\"async\" class=\"alignnone size-full wp-image-1318\" src=\"http:\/\/xadoubleh.com\/wp-content\/uploads\/2025\/05\/\u8be6\u60c5\u56fe06.png\" alt=\"\" width=\"750\" height=\"400\" srcset=\"https:\/\/xadoubleh.com\/wp-content\/uploads\/2025\/05\/\u8be6\u60c5\u56fe06.png 750w, https:\/\/xadoubleh.com\/wp-content\/uploads\/2025\/05\/\u8be6\u60c5\u56fe06-300x160.png 300w, https:\/\/xadoubleh.com\/wp-content\/uploads\/2025\/05\/\u8be6\u60c5\u56fe06-18x10.png 18w, https:\/\/xadoubleh.com\/wp-content\/uploads\/2025\/05\/\u8be6\u60c5\u56fe06-600x320.png 600w\" sizes=\"(max-width: 750px) 100vw, 750px\" \/> <img loading=\"lazy\" decoding=\"async\" class=\"alignnone size-full wp-image-1319\" src=\"http:\/\/xadoubleh.com\/wp-content\/uploads\/2025\/05\/\u8be6\u60c5\u56fe07.png\" alt=\"\" width=\"750\" height=\"400\" srcset=\"https:\/\/xadoubleh.com\/wp-content\/uploads\/2025\/05\/\u8be6\u60c5\u56fe07.png 750w, https:\/\/xadoubleh.com\/wp-content\/uploads\/2025\/05\/\u8be6\u60c5\u56fe07-300x160.png 300w, https:\/\/xadoubleh.com\/wp-content\/uploads\/2025\/05\/\u8be6\u60c5\u56fe07-18x10.png 18w, https:\/\/xadoubleh.com\/wp-content\/uploads\/2025\/05\/\u8be6\u60c5\u56fe07-600x320.png 600w\" sizes=\"(max-width: 750px) 100vw, 750px\" \/> <img loading=\"lazy\" decoding=\"async\" class=\"alignnone size-full wp-image-1320\" src=\"http:\/\/xadoubleh.com\/wp-content\/uploads\/2025\/05\/\u8be6\u60c5\u56fe08.png\" alt=\"\" width=\"750\" height=\"400\" srcset=\"https:\/\/xadoubleh.com\/wp-content\/uploads\/2025\/05\/\u8be6\u60c5\u56fe08.png 750w, https:\/\/xadoubleh.com\/wp-content\/uploads\/2025\/05\/\u8be6\u60c5\u56fe08-300x160.png 300w, https:\/\/xadoubleh.com\/wp-content\/uploads\/2025\/05\/\u8be6\u60c5\u56fe08-18x10.png 18w, https:\/\/xadoubleh.com\/wp-content\/uploads\/2025\/05\/\u8be6\u60c5\u56fe08-600x320.png 600w\" sizes=\"(max-width: 750px) 100vw, 750px\" \/><\/p>","protected":false},"excerpt":{"rendered":"<h4><strong>Machine professionnelle d'\u00e9pilation au laser \u00e0 diode<\/strong><\/h4>\n<p><strong>Mod\u00e8le :<\/strong> DH-HR01<br \/>\n<strong>Longueurs d'onde :<\/strong>\u00a0808nm - 755nm - 1064nm (technologie \u00e0 triple longueur d'onde)<\/p>\n<p><strong>R\u00e9duction permanente avanc\u00e9e des cheveux<\/strong><br \/>\nNotre\u00a0<strong>machine d'\u00e9pilation au laser \u00e0 diode de qualit\u00e9 m\u00e9dicale<\/strong>\u00a0offre des r\u00e9sultats s\u00fbrs, efficaces et durables pour tous les types de peau (Fitzpatrick I-VI). Les\u00a0<strong>syst\u00e8me \u00e0 triple longueur d'onde<\/strong>\u00a0(755nm, 808nm et 1064nm) assure un ciblage optimal de la m\u00e9lanine dans les follicules pileux tout en minimisant les dommages cutan\u00e9s.<\/p>\n<h4><strong>Caract\u00e9ristiques principales :<\/strong><\/h4>\n<p class=\"ds-markdown-paragraph\">\u2705\u00a0<strong>Technologie \u00e0 triple longueur d'onde<\/strong>\u00a0- Personnalisable en fonction du teint et de la couleur des cheveux<br \/>\n\u2705\u00a0<strong>Rendement \u00e9nerg\u00e9tique \u00e9lev\u00e9 (jusqu'\u00e0 3 000 W)<\/strong>\u00a0- Traitement plus rapide, moins de s\u00e9ances n\u00e9cessaires<br \/>\n\u2705\u00a0<strong>Syst\u00e8me de refroidissement intelligent (5\u00b0C~10\u00b0C)<\/strong>\u00a0- Minimise l'inconfort et prot\u00e8ge la peau<br \/>\n\u2705\u00a0<strong>\u00c9cran tactile 10<\/strong>\u00a0- Interface conviviale avec des programmes pr\u00e9d\u00e9finis<br \/>\n\u2705\u00a0<strong>Certifi\u00e9 FDA\/CE<\/strong>\u00a0- Sans danger pour les professionnels et les cliniques \u00e0 domicile<br \/>\n\u2705\u00a0<strong>500 000 tirs Dur\u00e9e de vie<\/strong>\u00a0- Durable et rentable<\/p>","protected":false},"featured_media":1307,"comment_status":"open","ping_status":"closed","template":"","meta":{"_acf_changed":false},"product_cat":[71],"product_tag":[],"class_list":{"0":"post-1305","1":"product","2":"type-product","3":"status-publish","4":"has-post-thumbnail","6":"product_cat-laser-hair-removal-machine","8":"first","9":"instock","10":"shipping-taxable","11":"product-type-simple"},"acf":[],"_links":{"self":[{"href":"https:\/\/xadoubleh.com\/fr\/wp-json\/wp\/v2\/product\/1305","targetHints":{"allow":["GET"]}}],"collection":[{"href":"https:\/\/xadoubleh.com\/fr\/wp-json\/wp\/v2\/product"}],"about":[{"href":"https:\/\/xadoubleh.com\/fr\/wp-json\/wp\/v2\/types\/product"}],"replies":[{"embeddable":true,"href":"https:\/\/xadoubleh.com\/fr\/wp-json\/wp\/v2\/comments?post=1305"}],"wp:featuredmedia":[{"embeddable":true,"href":"https:\/\/xadoubleh.com\/fr\/wp-json\/wp\/v2\/media\/1307"}],"wp:attachment":[{"href":"https:\/\/xadoubleh.com\/fr\/wp-json\/wp\/v2\/media?parent=1305"}],"wp:term":[{"taxonomy":"product_cat","embeddable":true,"href":"https:\/\/xadoubleh.com\/fr\/wp-json\/wp\/v2\/product_cat?post=1305"},{"taxonomy":"product_tag","embeddable":true,"href":"https:\/\/xadoubleh.com\/fr\/wp-json\/wp\/v2\/product_tag?post=1305"}],"curies":[{"name":"wp","href":"https:\/\/api.w.org\/{rel}","templated":true}]}}