{"id":1321,"date":"2025-05-14T09:28:11","date_gmt":"2025-05-14T09:28:11","guid":{"rendered":"http:\/\/xadoubleh.com\/?post_type=product&#038;p=1321"},"modified":"2025-05-14T09:36:51","modified_gmt":"2025-05-14T09:36:51","slug":"next-gen-standing-diode-laser-hair-removal-machine","status":"publish","type":"product","link":"https:\/\/xadoubleh.com\/fr\/produit\/nouvelle-generation-depilateurs-a-laser-a-diode-debout\/","title":{"rendered":"Nouvelle g\u00e9n\u00e9ration d'\u00e9pilateur laser \u00e0 diode stationnaire"},"content":{"rendered":"<p>Faits saillants techniques :<br \/>\nTaille des spots : 10mm\u00b2 \/ 12mm\u00b2 \/ 15mm\u00b2 (r\u00e9glable par moteur)<\/p>\n<p>Largeur d'impulsion : 1ms-1000ms (impulsion super longue pour les follicules profonds)<\/p>\n<p>Fluence : 1-120 J\/cm\u00b2 (la plus \u00e9lev\u00e9e de sa cat\u00e9gorie)<\/p>\n<p>Taux de r\u00e9p\u00e9tition : 1-10 Hz (mode rapide pour les grandes surfaces)<\/p>\n<p>\u00c9cran : \u00c9cran tactile HD de 15\u2033 avec cartographie corporelle en 3D<\/p>\n<p>Avantages professionnels :<br \/>\nDur\u00e9e de vie de plus de 500 000 tirs<\/p>\n<p>Conception modulaire - Facilit\u00e9 d'entretien et d'\u00e9volution<\/p>\n<p>Id\u00e9al pour : Medspas - Cliniques dermatologiques - Services esth\u00e9tiques mobiles<\/p>\n<p>\ud83d\udce9 Demandez aujourd'hui !<\/p>\n<p>&nbsp;<\/p>","protected":false},"excerpt":{"rendered":"<p>Syst\u00e8me d'\u00e9pilation au laser \u00e0 diode permanente de la prochaine g\u00e9n\u00e9ration<br \/>\nMod\u00e8le : DH-HR02<br \/>\nLongueurs d'onde : 755nm (cheveux fins) - 808nm (standard) - 1064nm (peau fonc\u00e9e)<br \/>\nCertifications : FDA | CE | ISO 13485<\/p>\n<p>Pourquoi choisir notre appareil d'\u00e9pilation ?<br \/>\n3-in-1 Wavelengths - Parfait pour tous les types de peau (Fitzpatrick I-VI) et toutes les couleurs de cheveux<br \/>\n\u2714 Conception en position debout - Ergonomique pour les traitements de tout le corps avec une mobilit\u00e9 de 360<br \/>\n\u2714 Puissance de 3000 W - 30% plus rapide que les machines traditionnelles<br \/>\n\u2714 Smart Skin Sensor - Ajustement automatique de l'\u00e9nergie en fonction de la d\u00e9tection de la m\u00e9lanine<br \/>\nDouble refroidissement (contact + cryo) - Pas de douleur ni de rougeur apr\u00e8s le traitement<\/p>","protected":false},"featured_media":1322,"comment_status":"open","ping_status":"closed","template":"","meta":{"_acf_changed":false},"product_cat":[71],"product_tag":[],"class_list":{"0":"post-1321","1":"product","2":"type-product","3":"status-publish","4":"has-post-thumbnail","6":"product_cat-laser-hair-removal-machine","8":"first","9":"instock","10":"shipping-taxable","11":"product-type-simple"},"acf":[],"_links":{"self":[{"href":"https:\/\/xadoubleh.com\/fr\/wp-json\/wp\/v2\/product\/1321","targetHints":{"allow":["GET"]}}],"collection":[{"href":"https:\/\/xadoubleh.com\/fr\/wp-json\/wp\/v2\/product"}],"about":[{"href":"https:\/\/xadoubleh.com\/fr\/wp-json\/wp\/v2\/types\/product"}],"replies":[{"embeddable":true,"href":"https:\/\/xadoubleh.com\/fr\/wp-json\/wp\/v2\/comments?post=1321"}],"wp:featuredmedia":[{"embeddable":true,"href":"https:\/\/xadoubleh.com\/fr\/wp-json\/wp\/v2\/media\/1322"}],"wp:attachment":[{"href":"https:\/\/xadoubleh.com\/fr\/wp-json\/wp\/v2\/media?parent=1321"}],"wp:term":[{"taxonomy":"product_cat","embeddable":true,"href":"https:\/\/xadoubleh.com\/fr\/wp-json\/wp\/v2\/product_cat?post=1321"},{"taxonomy":"product_tag","embeddable":true,"href":"https:\/\/xadoubleh.com\/fr\/wp-json\/wp\/v2\/product_tag?post=1321"}],"curies":[{"name":"wp","href":"https:\/\/api.w.org\/{rel}","templated":true}]}}