{"id":605,"date":"2024-10-26T07:49:21","date_gmt":"2024-10-26T07:49:21","guid":{"rendered":"http:\/\/xadoubleh.com\/?post_type=product&#038;p=605"},"modified":"2024-10-26T07:54:23","modified_gmt":"2024-10-26T07:54:23","slug":"skin-analyzer-magic-mirror-skin-analysis-device-professional-face-skin-analysis-2","status":"publish","type":"product","link":"https:\/\/xadoubleh.com\/fr\/produit\/analyseur-de-peau-miroir-magique-appareil-danalyse-de-la-peau-visage-professionnel-analyse-de-la-peau-2\/","title":{"rendered":"SKIN ANALYZER Miroir magique appareil d'analyse de la peau analyse professionnelle de la peau du visage"},"content":{"rendered":"<p>Le Magic Mirror est un appareil professionnel d'analyse de la peau du visage. Il adopte le spectre lumineux RVB et UV, gr\u00e2ce \u00e0 la technologie d'imagerie spectrale, pour nous aider \u00e0 d\u00e9tecter les probl\u00e8mes de peau en surface et en profondeur, notamment la pigmentation, les rides, les pores, l'acn\u00e9, l'hydratation, la sensibilit\u00e9, etc.<\/p>\n<p>Le syst\u00e8me d'analyse de la peau est actuellement le syst\u00e8me de d\u00e9tection de la peau le plus avanc\u00e9 au monde, appel\u00e9 \"skin CT\", il utilise la technologie d'imagerie spectrale RVB et UV, il peut effectuer une analyse quantitative et qualitative pr\u00e9cise du nombre de points remarquables, de la densit\u00e9 des taches, du nombre de pores, des rides, etc., ainsi que des mauvais produits cosm\u00e9tiques, des UV ou de la lumi\u00e8re du soleil qui causent diff\u00e9rents degr\u00e9s de dommages \u00e0 la peau, afin d'\u00e9tablir un diagnostic et une analyse pr\u00e9cis. Il s'agit d'un \u00e9quipement essentiel dans les h\u00f4pitaux de beaut\u00e9, les services de dermatologie des h\u00f4pitaux et les salons de beaut\u00e9, etc.<\/p>","protected":false},"excerpt":{"rendered":"<p><strong><b>ANALYSEUR DE PEAU \u00a0<\/b><\/strong>Miroir magique appareil d'analyse de la peau analyse professionnelle de la peau du visage<\/p>","protected":false},"featured_media":606,"comment_status":"open","ping_status":"closed","template":"","meta":{"_acf_changed":false},"product_cat":[52],"product_tag":[],"class_list":{"0":"post-605","1":"product","2":"type-product","3":"status-publish","4":"has-post-thumbnail","6":"product_cat-skin-analyzer","8":"first","9":"instock","10":"shipping-taxable","11":"product-type-simple"},"acf":[],"_links":{"self":[{"href":"https:\/\/xadoubleh.com\/fr\/wp-json\/wp\/v2\/product\/605","targetHints":{"allow":["GET"]}}],"collection":[{"href":"https:\/\/xadoubleh.com\/fr\/wp-json\/wp\/v2\/product"}],"about":[{"href":"https:\/\/xadoubleh.com\/fr\/wp-json\/wp\/v2\/types\/product"}],"replies":[{"embeddable":true,"href":"https:\/\/xadoubleh.com\/fr\/wp-json\/wp\/v2\/comments?post=605"}],"wp:featuredmedia":[{"embeddable":true,"href":"https:\/\/xadoubleh.com\/fr\/wp-json\/wp\/v2\/media\/606"}],"wp:attachment":[{"href":"https:\/\/xadoubleh.com\/fr\/wp-json\/wp\/v2\/media?parent=605"}],"wp:term":[{"taxonomy":"product_cat","embeddable":true,"href":"https:\/\/xadoubleh.com\/fr\/wp-json\/wp\/v2\/product_cat?post=605"},{"taxonomy":"product_tag","embeddable":true,"href":"https:\/\/xadoubleh.com\/fr\/wp-json\/wp\/v2\/product_tag?post=605"}],"curies":[{"name":"wp","href":"https:\/\/api.w.org\/{rel}","templated":true}]}}