{"id":612,"date":"2024-10-26T07:54:00","date_gmt":"2024-10-26T07:54:00","guid":{"rendered":"http:\/\/xadoubleh.com\/?post_type=product&#038;p=612"},"modified":"2024-10-26T07:54:00","modified_gmt":"2024-10-26T07:54:00","slug":"skin-analyzer-magic-mirror-skin-analysis-device-professional-face-skin-analysis-3","status":"publish","type":"product","link":"https:\/\/xadoubleh.com\/fr\/produit\/analyseur-de-peau-miroir-magique-appareil-danalyse-de-la-peau-visage-professionnel-analyse-de-la-peau-3\/","title":{"rendered":"SKIN ANALYZER Miroir magique appareil d'analyse de la peau analyse professionnelle de la peau du visage"},"content":{"rendered":"<p>Technologie de l'informatique en nuage, analyse rapide et pr\u00e9cise.<\/p>\n<p>Les donn\u00e9es sont objectives et pr\u00e9cises.<\/p>\n<p>Cam\u00e9ra haute d\u00e9finition de qualit\u00e9 industrielle, pr\u00e9sentant parfaitement les images haute d\u00e9finition.<\/p>\n<p>Reconnaissance des visages, contournement automatique du visage, gain de temps et d'efforts.<\/p>\n<p>Apprentissage en profondeur intelligent, mise \u00e0 niveau automatique des instruments, de plus en plus<\/p>\n<p>Des donn\u00e9es pr\u00e9cises, un apprentissage sans fin.<\/p>\n<p>Stockage dans le nuage avec une capacit\u00e9 illimit\u00e9e.<\/p>\n<p>Prise en charge de la gestion des comptes multiples des utilisateurs.<\/p>","protected":false},"excerpt":{"rendered":"<p><strong><b>ANALYSEUR DE PEAU <\/b><\/strong>Miroir magique appareil d'analyse de la peau analyse professionnelle de la peau du visage<\/p>\n<p>Teneur en eau de la peau, rides RGB, teint de la peau, s\u00e9bum,<\/p>\n<p>Pores RGB, acn\u00e9 RGB, taches sombres, points noirs, cernes,<\/p>\n<p>Sensibilit\u00e9 PL, acn\u00e9 UV, taches UV, pigment, fibres de collag\u00e8ne<\/p>","protected":false},"featured_media":613,"comment_status":"open","ping_status":"closed","template":"","meta":{"_acf_changed":false},"product_cat":[52],"product_tag":[],"class_list":{"0":"post-612","1":"product","2":"type-product","3":"status-publish","4":"has-post-thumbnail","6":"product_cat-skin-analyzer","8":"first","9":"instock","10":"shipping-taxable","11":"product-type-simple"},"acf":[],"_links":{"self":[{"href":"https:\/\/xadoubleh.com\/fr\/wp-json\/wp\/v2\/product\/612","targetHints":{"allow":["GET"]}}],"collection":[{"href":"https:\/\/xadoubleh.com\/fr\/wp-json\/wp\/v2\/product"}],"about":[{"href":"https:\/\/xadoubleh.com\/fr\/wp-json\/wp\/v2\/types\/product"}],"replies":[{"embeddable":true,"href":"https:\/\/xadoubleh.com\/fr\/wp-json\/wp\/v2\/comments?post=612"}],"wp:featuredmedia":[{"embeddable":true,"href":"https:\/\/xadoubleh.com\/fr\/wp-json\/wp\/v2\/media\/613"}],"wp:attachment":[{"href":"https:\/\/xadoubleh.com\/fr\/wp-json\/wp\/v2\/media?parent=612"}],"wp:term":[{"taxonomy":"product_cat","embeddable":true,"href":"https:\/\/xadoubleh.com\/fr\/wp-json\/wp\/v2\/product_cat?post=612"},{"taxonomy":"product_tag","embeddable":true,"href":"https:\/\/xadoubleh.com\/fr\/wp-json\/wp\/v2\/product_tag?post=612"}],"curies":[{"name":"wp","href":"https:\/\/api.w.org\/{rel}","templated":true}]}}