{"id":618,"date":"2024-10-26T07:59:27","date_gmt":"2024-10-26T07:59:27","guid":{"rendered":"http:\/\/xadoubleh.com\/?post_type=product&#038;p=618"},"modified":"2024-12-04T08:48:57","modified_gmt":"2024-12-04T08:48:57","slug":"skin-analyzer-magic-mirror-skin-analysis-device-professional-face-skin-analysis-4","status":"publish","type":"product","link":"https:\/\/xadoubleh.com\/fr\/produit\/analyseur-de-peau-miroir-magique-appareil-danalyse-de-la-peau-visage-professionnel-analyse-de-la-peau-4\/","title":{"rendered":"SKIN ANALYZER Miroir magique appareil d'analyse de la peau analyse professionnelle de la peau du visage"},"content":{"rendered":"<p>\u00c0 l'\u00e9tat de lumi\u00e8re naturelle, la lumi\u00e8re du soleil est douce et uniforme. La lumi\u00e8re diffuse multidirectionnelle est utilis\u00e9e pour \u00e9clairer uniform\u00e9ment l'ensemble du visage sans ombres ni lignes nettes, ce qui permet de d\u00e9tecter l'\u00e9tat de la couleur de la peau et de voir clairement les rides, les pores, les taches de couleur et l'acn\u00e9. Montre clairement l'\u00e9tat du visage<br \/>\nComme base pour l'\u00e9valuation globale de l'\u00e9tat clinique de la peau.<\/p>","protected":false},"excerpt":{"rendered":"<p><strong><b>ANALYSEUR DE PEAU <\/b><\/strong>Miroir magique appareil d'analyse de la peau analyse professionnelle de la peau du visage<\/p>","protected":false},"featured_media":619,"comment_status":"open","ping_status":"closed","template":"","meta":{"_acf_changed":false},"product_cat":[52],"product_tag":[],"class_list":{"0":"post-618","1":"product","2":"type-product","3":"status-publish","4":"has-post-thumbnail","6":"product_cat-skin-analyzer","8":"first","9":"instock","10":"shipping-taxable","11":"product-type-simple"},"acf":[],"_links":{"self":[{"href":"https:\/\/xadoubleh.com\/fr\/wp-json\/wp\/v2\/product\/618","targetHints":{"allow":["GET"]}}],"collection":[{"href":"https:\/\/xadoubleh.com\/fr\/wp-json\/wp\/v2\/product"}],"about":[{"href":"https:\/\/xadoubleh.com\/fr\/wp-json\/wp\/v2\/types\/product"}],"replies":[{"embeddable":true,"href":"https:\/\/xadoubleh.com\/fr\/wp-json\/wp\/v2\/comments?post=618"}],"wp:featuredmedia":[{"embeddable":true,"href":"https:\/\/xadoubleh.com\/fr\/wp-json\/wp\/v2\/media\/619"}],"wp:attachment":[{"href":"https:\/\/xadoubleh.com\/fr\/wp-json\/wp\/v2\/media?parent=618"}],"wp:term":[{"taxonomy":"product_cat","embeddable":true,"href":"https:\/\/xadoubleh.com\/fr\/wp-json\/wp\/v2\/product_cat?post=618"},{"taxonomy":"product_tag","embeddable":true,"href":"https:\/\/xadoubleh.com\/fr\/wp-json\/wp\/v2\/product_tag?post=618"}],"curies":[{"name":"wp","href":"https:\/\/api.w.org\/{rel}","templated":true}]}}