{"id":631,"date":"2024-10-26T08:06:33","date_gmt":"2024-10-26T08:06:33","guid":{"rendered":"http:\/\/xadoubleh.com\/?post_type=product&#038;p=631"},"modified":"2024-12-03T06:33:05","modified_gmt":"2024-12-03T06:33:05","slug":"four-spectrum-hair-follicle-skin-detector","status":"publish","type":"product","link":"https:\/\/xadoubleh.com\/fr\/produit\/detecteur-de-peau-a-quatre-spectres-pour-les-follicules-pileux\/","title":{"rendered":"D\u00c9TECTEUR DE PEAU \u00c0 QUATRE SPECTRES POUR LES FOLLICULES PILEUX"},"content":{"rendered":"<p>D\u00e9tection \u00e0 quatre spectres<\/p>\n<p>(grossissement 200X+50Xtrois spectres)<\/p>\n<p>Agrandissement optique 200X pour grossir le cuir chevelu et le follicule pileux avec une r\u00e9solution de 800X<\/p>\n<p>Spectre 50X trois pour d\u00e9tecter trois probl\u00e8mes diff\u00e9rents pour le cuir chevelu et la peau<\/p>\n<p>Lumi\u00e8re blanche (d\u00e9tection de la peau) : observation du cuir chevelu sec et gras, follicules pileux obstru\u00e9s,<\/p>\n<p>ainsi que le vieillissement du cuir chevelu.<\/p>\n<p>Lumi\u00e8re UV (couche UV) : d\u00e9tection pr\u00e9coce de la possibilit\u00e9 d'une infection du cuir chevelu sur la peau.<\/p>\n<p>principe que les substances de type porphyrine m\u00e9tabolis\u00e9es par l'\u00e9pifolliculite seront<\/p>","protected":false},"excerpt":{"rendered":"<p>D\u00c9TECTEUR DE PEAU \u00c0 QUATRE SPECTRES POUR LES FOLLICULES PILEUX<\/p>\n<p>(grossissement 200X+50Xtrois spectres)<\/p>\n<p>Agrandissement optique 200X pour grossir le cuir chevelu et le follicule pileux avec une r\u00e9solution de 800X<\/p>\n<p>Spectre 50X trois pour d\u00e9tecter trois probl\u00e8mes diff\u00e9rents pour le cuir chevelu et la peau<\/p>\n<p>Lumi\u00e8re blanche (d\u00e9tection de la peau) : observation du cuir chevelu sec et gras, follicules pileux obstru\u00e9s,<\/p>\n<p>ainsi que le vieillissement du cuir chevelu.<\/p>\n<p>Lumi\u00e8re UV (couche UV) : d\u00e9tection pr\u00e9coce de la possibilit\u00e9 d'une infection du cuir chevelu sur la peau.<\/p>\n<p>principe que les substances de type porphyrine m\u00e9tabolis\u00e9es par l'\u00e9pifolliculite seront<\/p>\n<p>rouge sous lumi\u00e8re UV.<\/p>\n<p>Lumi\u00e8re polaris\u00e9e (d\u00e9tection du m\u00e9soderme) : d\u00e9tection de la rougeur du cuir chevelu, de la pigmentation,<\/p>\n<p>et le scalp tout ergique dans l'inflammation.<\/p>","protected":false},"featured_media":633,"comment_status":"open","ping_status":"closed","template":"","meta":{"_acf_changed":false},"product_cat":[51],"product_tag":[],"class_list":{"0":"post-631","1":"product","2":"type-product","3":"status-publish","4":"has-post-thumbnail","6":"product_cat-hair-scalp-detector","8":"first","9":"instock","10":"shipping-taxable","11":"product-type-simple"},"acf":[],"_links":{"self":[{"href":"https:\/\/xadoubleh.com\/fr\/wp-json\/wp\/v2\/product\/631","targetHints":{"allow":["GET"]}}],"collection":[{"href":"https:\/\/xadoubleh.com\/fr\/wp-json\/wp\/v2\/product"}],"about":[{"href":"https:\/\/xadoubleh.com\/fr\/wp-json\/wp\/v2\/types\/product"}],"replies":[{"embeddable":true,"href":"https:\/\/xadoubleh.com\/fr\/wp-json\/wp\/v2\/comments?post=631"}],"wp:featuredmedia":[{"embeddable":true,"href":"https:\/\/xadoubleh.com\/fr\/wp-json\/wp\/v2\/media\/633"}],"wp:attachment":[{"href":"https:\/\/xadoubleh.com\/fr\/wp-json\/wp\/v2\/media?parent=631"}],"wp:term":[{"taxonomy":"product_cat","embeddable":true,"href":"https:\/\/xadoubleh.com\/fr\/wp-json\/wp\/v2\/product_cat?post=631"},{"taxonomy":"product_tag","embeddable":true,"href":"https:\/\/xadoubleh.com\/fr\/wp-json\/wp\/v2\/product_tag?post=631"}],"curies":[{"name":"wp","href":"https:\/\/api.w.org\/{rel}","templated":true}]}}