{"id":643,"date":"2024-10-26T08:10:09","date_gmt":"2024-10-26T08:10:09","guid":{"rendered":"http:\/\/xadoubleh.com\/?post_type=product&#038;p=643"},"modified":"2024-10-26T08:10:09","modified_gmt":"2024-10-26T08:10:09","slug":"gold-microneedle-crystallite-depth-8","status":"publish","type":"product","link":"https:\/\/xadoubleh.com\/fr\/produit\/profondeur-de-cristallite-des-micro-aiguilles-en-or-8\/","title":{"rendered":"PROFONDEUR DE CRISTALLITE DES MICRO-AIGUILLES EN OR 8"},"content":{"rendered":"<p>PROFONDEUR DE CRISTALLITE DES MICRO-AIGUILLES EN OR 8<\/p>\n<p>Rajeunissement, raffermissement et lifting de la peau<\/p>\n<p>Favoriser la r\u00e9g\u00e9n\u00e9ration du collag\u00e8ne<\/p>\n<p>Suppression des rides<\/p>\n<p>Marteau \u00e0 glace pour les peaux sensibles<\/p>\n<p>Am\u00e9liorer la taille des pores<\/p>\n<p>\u00c9limination des cicatrices et de l'acn\u00e9<\/p>\n<p>D\u00e9sodorisation : traiter les odeurs des aisselles et l'hyperhidrose des aisselles<\/p>\n<p>R\u00e9paration post-partum : Vergetures abdominales, marques de gonflement<\/p>\n<p>sur les fesses et les jambes<\/p>","protected":false},"excerpt":{"rendered":"<p>PROFONDEUR DE CRISTALLITE DES MICRO-AIGUILLES EN OR 8<\/p>\n<p>Poign\u00e9es doubles (corps + visage)<\/p>\n<p>Marteau \u00e0 glace<\/p>\n<p>Rajeunissement, raffermissement et lifting de la peau<\/p>\n<p>Favoriser la r\u00e9g\u00e9n\u00e9ration du collag\u00e8ne<\/p>\n<p>Suppression des rides<\/p>","protected":false},"featured_media":644,"comment_status":"open","ping_status":"closed","template":"","meta":{"_acf_changed":false},"product_cat":[50],"product_tag":[],"class_list":{"0":"post-643","1":"product","2":"type-product","3":"status-publish","4":"has-post-thumbnail","6":"product_cat-rf-microneedling-machine","8":"first","9":"instock","10":"shipping-taxable","11":"product-type-simple"},"acf":[],"_links":{"self":[{"href":"https:\/\/xadoubleh.com\/fr\/wp-json\/wp\/v2\/product\/643","targetHints":{"allow":["GET"]}}],"collection":[{"href":"https:\/\/xadoubleh.com\/fr\/wp-json\/wp\/v2\/product"}],"about":[{"href":"https:\/\/xadoubleh.com\/fr\/wp-json\/wp\/v2\/types\/product"}],"replies":[{"embeddable":true,"href":"https:\/\/xadoubleh.com\/fr\/wp-json\/wp\/v2\/comments?post=643"}],"wp:featuredmedia":[{"embeddable":true,"href":"https:\/\/xadoubleh.com\/fr\/wp-json\/wp\/v2\/media\/644"}],"wp:attachment":[{"href":"https:\/\/xadoubleh.com\/fr\/wp-json\/wp\/v2\/media?parent=643"}],"wp:term":[{"taxonomy":"product_cat","embeddable":true,"href":"https:\/\/xadoubleh.com\/fr\/wp-json\/wp\/v2\/product_cat?post=643"},{"taxonomy":"product_tag","embeddable":true,"href":"https:\/\/xadoubleh.com\/fr\/wp-json\/wp\/v2\/product_tag?post=643"}],"curies":[{"name":"wp","href":"https:\/\/api.w.org\/{rel}","templated":true}]}}