{"id":686,"date":"2024-10-26T08:18:47","date_gmt":"2024-10-26T08:18:47","guid":{"rendered":"http:\/\/xadoubleh.com\/?post_type=product&#038;p=686"},"modified":"2024-10-26T08:18:47","modified_gmt":"2024-10-26T08:18:47","slug":"pelvic-floor-muscle-training-chair-pelvic-floor-muscle-trainer","status":"publish","type":"product","link":"https:\/\/xadoubleh.com\/fr\/produit\/chaise-dentrainement-des-muscles-du-plancher-pelvien-entraineur-des-muscles-du-plancher-pelvien\/","title":{"rendered":"CHAISE D'ENTRA\u00ceNEMENT DES MUSCLES DU PLANCHER PELVIQUE Entra\u00eeneur des muscles du plancher pelvien"},"content":{"rendered":"<p>CHAISE D'ENTRA\u00ceNEMENT DES MUSCLES DU PLANCHER PELVIEN<\/p>\n<ol>\n<li>Exercice non invasif<\/li>\n<li>Entra\u00eeneur des muscles du plancher pelvien<\/li>\n<li>Resserrement intime pour les femmes, soins de la prostate pour les hommes<\/li>\n<\/ol>","protected":false},"excerpt":{"rendered":"<p>CHAISE D'ENTRA\u00ceNEMENT DES MUSCLES DU PLANCHER PELVIEN<\/p>\n<ol>\n<li>Exercice non invasif<\/li>\n<li>Entra\u00eeneur des muscles du plancher pelvien<\/li>\n<li>Resserrement intime pour les femmes, soins de la prostate pour les hommes<\/li>\n<\/ol>","protected":false},"featured_media":687,"comment_status":"open","ping_status":"closed","template":"","meta":{"_acf_changed":false},"product_cat":[48],"product_tag":[],"class_list":{"0":"post-686","1":"product","2":"type-product","3":"status-publish","4":"has-post-thumbnail","6":"product_cat-pelvic-floor-muscle-repair-chair","8":"first","9":"instock","10":"shipping-taxable","11":"product-type-simple"},"acf":[],"_links":{"self":[{"href":"https:\/\/xadoubleh.com\/fr\/wp-json\/wp\/v2\/product\/686","targetHints":{"allow":["GET"]}}],"collection":[{"href":"https:\/\/xadoubleh.com\/fr\/wp-json\/wp\/v2\/product"}],"about":[{"href":"https:\/\/xadoubleh.com\/fr\/wp-json\/wp\/v2\/types\/product"}],"replies":[{"embeddable":true,"href":"https:\/\/xadoubleh.com\/fr\/wp-json\/wp\/v2\/comments?post=686"}],"wp:featuredmedia":[{"embeddable":true,"href":"https:\/\/xadoubleh.com\/fr\/wp-json\/wp\/v2\/media\/687"}],"wp:attachment":[{"href":"https:\/\/xadoubleh.com\/fr\/wp-json\/wp\/v2\/media?parent=686"}],"wp:term":[{"taxonomy":"product_cat","embeddable":true,"href":"https:\/\/xadoubleh.com\/fr\/wp-json\/wp\/v2\/product_cat?post=686"},{"taxonomy":"product_tag","embeddable":true,"href":"https:\/\/xadoubleh.com\/fr\/wp-json\/wp\/v2\/product_tag?post=686"}],"curies":[{"name":"wp","href":"https:\/\/api.w.org\/{rel}","templated":true}]}}