{"id":1305,"date":"2025-05-14T09:18:13","date_gmt":"2025-05-14T09:18:13","guid":{"rendered":"http:\/\/xadoubleh.com\/?post_type=product&#038;p=1305"},"modified":"2025-05-14T09:18:13","modified_gmt":"2025-05-14T09:18:13","slug":"808nm-755nm-1064nm-diode-laser-hair-removal-machine","status":"publish","type":"product","link":"https:\/\/xadoubleh.com\/pt\/produto\/maquina-de-depilacao-a-laser-de-diodo-808nm-755nm-1064nm\/","title":{"rendered":"M\u00e1quina de depila\u00e7\u00e3o a laser de d\u00edodo 808nm 755nm 1064nm"},"content":{"rendered":"<h4><strong>Ideal para:<\/strong><\/h4>\n<p class=\"ds-markdown-paragraph\">Cl\u00ednicas profissionais, spas e centros de medicina est\u00e9tica<br \/>\nUtiliza\u00e7\u00e3o em casa por profissionais formados<br \/>\nTodas as zonas do corpo (rosto, pernas, bra\u00e7os, linha do biqu\u00edni, costas)<\/p>\n<h4><strong>Especifica\u00e7\u00f5es t\u00e9cnicas:<\/strong><\/h4>\n<ul>\n<li>\n<p class=\"ds-markdown-paragraph\"><strong>Tamanhos de pontos:<\/strong>\u00a09mm\u00b2, 12mm\u00b2, 15mm\u00b2 (ajust\u00e1vel)<\/p>\n<\/li>\n<li>\n<p class=\"ds-markdown-paragraph\"><strong>Largura do impulso:<\/strong>\u00a010ms-500ms (vari\u00e1vel)<\/p>\n<\/li>\n<li>\n<p class=\"ds-markdown-paragraph\"><strong>Flu\u00eancia:<\/strong>\u00a05-100 J\/cm\u00b2<\/p>\n<\/li>\n<li>\n<p class=\"ds-markdown-paragraph\"><strong>Taxa de repeti\u00e7\u00e3o:<\/strong>\u00a01-3 Hz<\/p>\n<\/li>\n<li>\n<p class=\"ds-markdown-paragraph\"><strong>Arrefecimento:<\/strong>\u00a0Contacto + arrefecimento do ar<\/p>\n<\/li>\n<\/ul>\n<p class=\"ds-markdown-paragraph\"><strong>Obtenha uma pele mais suave e sem p\u00ealos com tecnologia clinicamente comprovada!<\/strong><br \/>\n<strong>Contacte-nos hoje para obter or\u00e7amentos!<\/strong><\/p>\n<p><img fetchpriority=\"high\" decoding=\"async\" class=\"alignnone size-full wp-image-1313\" src=\"http:\/\/xadoubleh.com\/wp-content\/uploads\/2025\/05\/\u8be6\u60c5\u56fe01.png\" alt=\"\" width=\"750\" height=\"400\" srcset=\"https:\/\/xadoubleh.com\/wp-content\/uploads\/2025\/05\/\u8be6\u60c5\u56fe01.png 750w, https:\/\/xadoubleh.com\/wp-content\/uploads\/2025\/05\/\u8be6\u60c5\u56fe01-300x160.png 300w, https:\/\/xadoubleh.com\/wp-content\/uploads\/2025\/05\/\u8be6\u60c5\u56fe01-18x10.png 18w, https:\/\/xadoubleh.com\/wp-content\/uploads\/2025\/05\/\u8be6\u60c5\u56fe01-600x320.png 600w\" sizes=\"(max-width: 750px) 100vw, 750px\" \/> <img decoding=\"async\" class=\"alignnone size-full wp-image-1314\" src=\"http:\/\/xadoubleh.com\/wp-content\/uploads\/2025\/05\/\u8be6\u60c5\u56fe02.png\" alt=\"\" width=\"750\" height=\"400\" srcset=\"https:\/\/xadoubleh.com\/wp-content\/uploads\/2025\/05\/\u8be6\u60c5\u56fe02.png 750w, https:\/\/xadoubleh.com\/wp-content\/uploads\/2025\/05\/\u8be6\u60c5\u56fe02-300x160.png 300w, https:\/\/xadoubleh.com\/wp-content\/uploads\/2025\/05\/\u8be6\u60c5\u56fe02-18x10.png 18w, https:\/\/xadoubleh.com\/wp-content\/uploads\/2025\/05\/\u8be6\u60c5\u56fe02-600x320.png 600w\" sizes=\"(max-width: 750px) 100vw, 750px\" \/> <img decoding=\"async\" class=\"alignnone size-full wp-image-1315\" src=\"http:\/\/xadoubleh.com\/wp-content\/uploads\/2025\/05\/\u8be6\u60c5\u56fe03.png\" alt=\"\" width=\"750\" height=\"400\" srcset=\"https:\/\/xadoubleh.com\/wp-content\/uploads\/2025\/05\/\u8be6\u60c5\u56fe03.png 750w, https:\/\/xadoubleh.com\/wp-content\/uploads\/2025\/05\/\u8be6\u60c5\u56fe03-300x160.png 300w, https:\/\/xadoubleh.com\/wp-content\/uploads\/2025\/05\/\u8be6\u60c5\u56fe03-18x10.png 18w, https:\/\/xadoubleh.com\/wp-content\/uploads\/2025\/05\/\u8be6\u60c5\u56fe03-600x320.png 600w\" sizes=\"(max-width: 750px) 100vw, 750px\" \/> <img loading=\"lazy\" decoding=\"async\" class=\"alignnone size-full wp-image-1316\" src=\"http:\/\/xadoubleh.com\/wp-content\/uploads\/2025\/05\/\u8be6\u60c5\u56fe04.png\" alt=\"\" width=\"750\" height=\"400\" srcset=\"https:\/\/xadoubleh.com\/wp-content\/uploads\/2025\/05\/\u8be6\u60c5\u56fe04.png 750w, https:\/\/xadoubleh.com\/wp-content\/uploads\/2025\/05\/\u8be6\u60c5\u56fe04-300x160.png 300w, https:\/\/xadoubleh.com\/wp-content\/uploads\/2025\/05\/\u8be6\u60c5\u56fe04-18x10.png 18w, https:\/\/xadoubleh.com\/wp-content\/uploads\/2025\/05\/\u8be6\u60c5\u56fe04-600x320.png 600w\" sizes=\"(max-width: 750px) 100vw, 750px\" \/> <img loading=\"lazy\" decoding=\"async\" class=\"alignnone size-full wp-image-1317\" src=\"http:\/\/xadoubleh.com\/wp-content\/uploads\/2025\/05\/\u8be6\u60c5\u56fe05.png\" alt=\"\" width=\"750\" height=\"400\" srcset=\"https:\/\/xadoubleh.com\/wp-content\/uploads\/2025\/05\/\u8be6\u60c5\u56fe05.png 750w, https:\/\/xadoubleh.com\/wp-content\/uploads\/2025\/05\/\u8be6\u60c5\u56fe05-300x160.png 300w, https:\/\/xadoubleh.com\/wp-content\/uploads\/2025\/05\/\u8be6\u60c5\u56fe05-18x10.png 18w, https:\/\/xadoubleh.com\/wp-content\/uploads\/2025\/05\/\u8be6\u60c5\u56fe05-600x320.png 600w\" sizes=\"(max-width: 750px) 100vw, 750px\" \/> <img loading=\"lazy\" decoding=\"async\" class=\"alignnone size-full wp-image-1318\" src=\"http:\/\/xadoubleh.com\/wp-content\/uploads\/2025\/05\/\u8be6\u60c5\u56fe06.png\" alt=\"\" width=\"750\" height=\"400\" srcset=\"https:\/\/xadoubleh.com\/wp-content\/uploads\/2025\/05\/\u8be6\u60c5\u56fe06.png 750w, https:\/\/xadoubleh.com\/wp-content\/uploads\/2025\/05\/\u8be6\u60c5\u56fe06-300x160.png 300w, https:\/\/xadoubleh.com\/wp-content\/uploads\/2025\/05\/\u8be6\u60c5\u56fe06-18x10.png 18w, https:\/\/xadoubleh.com\/wp-content\/uploads\/2025\/05\/\u8be6\u60c5\u56fe06-600x320.png 600w\" sizes=\"(max-width: 750px) 100vw, 750px\" \/> <img loading=\"lazy\" decoding=\"async\" class=\"alignnone size-full wp-image-1319\" src=\"http:\/\/xadoubleh.com\/wp-content\/uploads\/2025\/05\/\u8be6\u60c5\u56fe07.png\" alt=\"\" width=\"750\" height=\"400\" srcset=\"https:\/\/xadoubleh.com\/wp-content\/uploads\/2025\/05\/\u8be6\u60c5\u56fe07.png 750w, https:\/\/xadoubleh.com\/wp-content\/uploads\/2025\/05\/\u8be6\u60c5\u56fe07-300x160.png 300w, https:\/\/xadoubleh.com\/wp-content\/uploads\/2025\/05\/\u8be6\u60c5\u56fe07-18x10.png 18w, https:\/\/xadoubleh.com\/wp-content\/uploads\/2025\/05\/\u8be6\u60c5\u56fe07-600x320.png 600w\" sizes=\"(max-width: 750px) 100vw, 750px\" \/> <img loading=\"lazy\" decoding=\"async\" class=\"alignnone size-full wp-image-1320\" src=\"http:\/\/xadoubleh.com\/wp-content\/uploads\/2025\/05\/\u8be6\u60c5\u56fe08.png\" alt=\"\" width=\"750\" height=\"400\" srcset=\"https:\/\/xadoubleh.com\/wp-content\/uploads\/2025\/05\/\u8be6\u60c5\u56fe08.png 750w, https:\/\/xadoubleh.com\/wp-content\/uploads\/2025\/05\/\u8be6\u60c5\u56fe08-300x160.png 300w, https:\/\/xadoubleh.com\/wp-content\/uploads\/2025\/05\/\u8be6\u60c5\u56fe08-18x10.png 18w, https:\/\/xadoubleh.com\/wp-content\/uploads\/2025\/05\/\u8be6\u60c5\u56fe08-600x320.png 600w\" sizes=\"(max-width: 750px) 100vw, 750px\" \/><\/p>","protected":false},"excerpt":{"rendered":"<h4><strong>M\u00e1quina de depila\u00e7\u00e3o a laser de d\u00edodo profissional<\/strong><\/h4>\n<p><strong>Modelo:<\/strong> DH-HR01<br \/>\n<strong>Comprimentos de onda:<\/strong>\u00a0808nm - 755nm - 1064nm (tecnologia de comprimento de onda triplo)<\/p>\n<p><strong>Redu\u00e7\u00e3o permanente avan\u00e7ada de p\u00ealos<\/strong><br \/>\nO nosso\u00a0<strong>m\u00e1quina de depila\u00e7\u00e3o a laser de d\u00edodo de qualidade m\u00e9dica<\/strong>\u00a0proporciona resultados seguros, eficazes e duradouros para todos os tipos de pele (Fitzpatrick I-VI). O\u00a0<strong>sistema de triplo comprimento de onda<\/strong>\u00a0(755nm, 808nm e 1064nm) asseguram um alvo \u00f3timo da melanina nos fol\u00edculos pilosos, minimizando os danos na pele.<\/p>\n<h4><strong>Carater\u00edsticas principais:<\/strong><\/h4>\n<p class=\"ds-markdown-paragraph\">\u2705\u00a0<strong>Tecnologia de comprimento de onda triplo<\/strong>\u00a0- Personaliz\u00e1vel para diferentes tons de pele e cores de cabelo<br \/>\n\u2705\u00a0<strong>Elevada produ\u00e7\u00e3o de energia (at\u00e9 3000W)<\/strong>\u00a0- Tratamento mais r\u00e1pido, menos sess\u00f5es necess\u00e1rias<br \/>\n\u2705\u00a0<strong>Sistema de arrefecimento inteligente (5\u00b0C~10\u00b0C)<\/strong>\u00a0- Minimiza o desconforto e protege a pele<br \/>\n\u2705\u00a0<strong>Ecr\u00e3 t\u00e1til de 10<\/strong>\u00a0- Interface de f\u00e1cil utiliza\u00e7\u00e3o com programas predefinidos<br \/>\n\u2705\u00a0<strong>Certificado FDA\/CE<\/strong>\u00a0- Seguro para utiliza\u00e7\u00e3o profissional e cl\u00ednica em casa<br \/>\n\u2705\u00a0<strong>500.000 disparos Tempo de vida<\/strong>\u00a0- Dur\u00e1vel e econ\u00f3mico<\/p>","protected":false},"featured_media":1307,"comment_status":"open","ping_status":"closed","template":"","meta":{"_acf_changed":false},"product_cat":[71],"product_tag":[],"class_list":{"0":"post-1305","1":"product","2":"type-product","3":"status-publish","4":"has-post-thumbnail","6":"product_cat-laser-hair-removal-machine","8":"first","9":"instock","10":"shipping-taxable","11":"product-type-simple"},"acf":[],"_links":{"self":[{"href":"https:\/\/xadoubleh.com\/pt\/wp-json\/wp\/v2\/product\/1305","targetHints":{"allow":["GET"]}}],"collection":[{"href":"https:\/\/xadoubleh.com\/pt\/wp-json\/wp\/v2\/product"}],"about":[{"href":"https:\/\/xadoubleh.com\/pt\/wp-json\/wp\/v2\/types\/product"}],"replies":[{"embeddable":true,"href":"https:\/\/xadoubleh.com\/pt\/wp-json\/wp\/v2\/comments?post=1305"}],"wp:featuredmedia":[{"embeddable":true,"href":"https:\/\/xadoubleh.com\/pt\/wp-json\/wp\/v2\/media\/1307"}],"wp:attachment":[{"href":"https:\/\/xadoubleh.com\/pt\/wp-json\/wp\/v2\/media?parent=1305"}],"wp:term":[{"taxonomy":"product_cat","embeddable":true,"href":"https:\/\/xadoubleh.com\/pt\/wp-json\/wp\/v2\/product_cat?post=1305"},{"taxonomy":"product_tag","embeddable":true,"href":"https:\/\/xadoubleh.com\/pt\/wp-json\/wp\/v2\/product_tag?post=1305"}],"curies":[{"name":"wp","href":"https:\/\/api.w.org\/{rel}","templated":true}]}}