{"id":605,"date":"2024-10-26T07:49:21","date_gmt":"2024-10-26T07:49:21","guid":{"rendered":"http:\/\/xadoubleh.com\/?post_type=product&#038;p=605"},"modified":"2024-10-26T07:54:23","modified_gmt":"2024-10-26T07:54:23","slug":"skin-analyzer-magic-mirror-skin-analysis-device-professional-face-skin-analysis-2","status":"publish","type":"product","link":"https:\/\/xadoubleh.com\/pt\/produto\/analisador-de-pele-espelho-magico-aparelho-de-analise-da-pele-analise-profissional-da-pele-do-rosto-2\/","title":{"rendered":"SKIN ANALYZER Dispositivo de an\u00e1lise da pele Magic Mirror an\u00e1lise profissional da pele do rosto"},"content":{"rendered":"<p>O Magic Mirror \u00e9 um dispositivo profissional de an\u00e1lise da pele do rosto, que adopta o espetro de luz RGB e UV, atrav\u00e9s da tecnologia de imagem espetral para nos ajudar a detetar problemas superficiais e profundos da pele, incluindo pigmenta\u00e7\u00e3o, rugas, poros, acne, humidade, sensibilidade, etc.<\/p>\n<p>O sistema de an\u00e1lise da pele \u00e9 atualmente o sistema de dete\u00e7\u00e3o da pele mais avan\u00e7ado do mundo para an\u00e1lise, denominado \"TC da pele\", que utiliza a tecnologia de imagem espetral RGB e UV, pode ser uma an\u00e1lise quantitativa e qualitativa precisa do n\u00famero de manchas pendentes, densidade de manchas, n\u00famero de poros, rugas, etc., bem como os maus cosm\u00e9ticos, UV ou luz solar para causar diferentes graus de danos \u00e0 pele para fazer um diagn\u00f3stico e an\u00e1lise precisos. \u00c9 um dos equipamentos essenciais em hospitais de beleza, departamentos de dermatologia e sal\u00f5es de beleza, etc.<\/p>","protected":false},"excerpt":{"rendered":"<p><strong><b>ANALISADOR DE PELE \u00a0<\/b><\/strong>Dispositivo de an\u00e1lise da pele Magic Mirror an\u00e1lise profissional da pele do rosto<\/p>","protected":false},"featured_media":606,"comment_status":"open","ping_status":"closed","template":"","meta":{"_acf_changed":false},"product_cat":[52],"product_tag":[],"class_list":{"0":"post-605","1":"product","2":"type-product","3":"status-publish","4":"has-post-thumbnail","6":"product_cat-skin-analyzer","8":"first","9":"instock","10":"shipping-taxable","11":"product-type-simple"},"acf":[],"_links":{"self":[{"href":"https:\/\/xadoubleh.com\/pt\/wp-json\/wp\/v2\/product\/605","targetHints":{"allow":["GET"]}}],"collection":[{"href":"https:\/\/xadoubleh.com\/pt\/wp-json\/wp\/v2\/product"}],"about":[{"href":"https:\/\/xadoubleh.com\/pt\/wp-json\/wp\/v2\/types\/product"}],"replies":[{"embeddable":true,"href":"https:\/\/xadoubleh.com\/pt\/wp-json\/wp\/v2\/comments?post=605"}],"wp:featuredmedia":[{"embeddable":true,"href":"https:\/\/xadoubleh.com\/pt\/wp-json\/wp\/v2\/media\/606"}],"wp:attachment":[{"href":"https:\/\/xadoubleh.com\/pt\/wp-json\/wp\/v2\/media?parent=605"}],"wp:term":[{"taxonomy":"product_cat","embeddable":true,"href":"https:\/\/xadoubleh.com\/pt\/wp-json\/wp\/v2\/product_cat?post=605"},{"taxonomy":"product_tag","embeddable":true,"href":"https:\/\/xadoubleh.com\/pt\/wp-json\/wp\/v2\/product_tag?post=605"}],"curies":[{"name":"wp","href":"https:\/\/api.w.org\/{rel}","templated":true}]}}