{"id":612,"date":"2024-10-26T07:54:00","date_gmt":"2024-10-26T07:54:00","guid":{"rendered":"http:\/\/xadoubleh.com\/?post_type=product&#038;p=612"},"modified":"2024-10-26T07:54:00","modified_gmt":"2024-10-26T07:54:00","slug":"skin-analyzer-magic-mirror-skin-analysis-device-professional-face-skin-analysis-3","status":"publish","type":"product","link":"https:\/\/xadoubleh.com\/pt\/produto\/analisador-de-pele-espelho-magico-aparelho-de-analise-da-pele-analise-profissional-da-pele-do-rosto-3\/","title":{"rendered":"SKIN ANALYZER Dispositivo de an\u00e1lise da pele Magic Mirror an\u00e1lise profissional da pele do rosto"},"content":{"rendered":"<p>Tecnologia de computa\u00e7\u00e3o em nuvem, an\u00e1lise r\u00e1pida e precisa.<\/p>\n<p>Os dados s\u00e3o objectivos e exactos.<\/p>\n<p>C\u00e2mara de alta defini\u00e7\u00e3o de n\u00edvel industrial, que apresenta perfeitamente imagens de alta defini\u00e7\u00e3o.<\/p>\n<p>Reconhecimento facial, delineia automaticamente o rosto, poupando tempo e esfor\u00e7o.<\/p>\n<p>Aprendizagem profunda inteligente, atualiza\u00e7\u00e3o autom\u00e1tica de instrumentos, mais e mais<\/p>\n<p>Dados exactos, aprendizagem sem fim.<\/p>\n<p>Armazenamento na nuvem com capacidade ilimitada.<\/p>\n<p>Suporta a gest\u00e3o de v\u00e1rias contas de utilizador.<\/p>","protected":false},"excerpt":{"rendered":"<p><strong><b>ANALISADOR DE PELE <\/b><\/strong>Dispositivo de an\u00e1lise da pele Magic Mirror an\u00e1lise profissional da pele do rosto<\/p>\n<p>Teor de humidade da pele, rugas RGB, tom de pele, sebo,<\/p>\n<p>Poros RGB, Acne RGB, manchas escuras, pontos negros, olheiras,<\/p>\n<p>Sensibilidade PL, acne UV, manchas UV, pigmento, fibras de colag\u00e9nio<\/p>","protected":false},"featured_media":613,"comment_status":"open","ping_status":"closed","template":"","meta":{"_acf_changed":false},"product_cat":[52],"product_tag":[],"class_list":{"0":"post-612","1":"product","2":"type-product","3":"status-publish","4":"has-post-thumbnail","6":"product_cat-skin-analyzer","8":"first","9":"instock","10":"shipping-taxable","11":"product-type-simple"},"acf":[],"_links":{"self":[{"href":"https:\/\/xadoubleh.com\/pt\/wp-json\/wp\/v2\/product\/612","targetHints":{"allow":["GET"]}}],"collection":[{"href":"https:\/\/xadoubleh.com\/pt\/wp-json\/wp\/v2\/product"}],"about":[{"href":"https:\/\/xadoubleh.com\/pt\/wp-json\/wp\/v2\/types\/product"}],"replies":[{"embeddable":true,"href":"https:\/\/xadoubleh.com\/pt\/wp-json\/wp\/v2\/comments?post=612"}],"wp:featuredmedia":[{"embeddable":true,"href":"https:\/\/xadoubleh.com\/pt\/wp-json\/wp\/v2\/media\/613"}],"wp:attachment":[{"href":"https:\/\/xadoubleh.com\/pt\/wp-json\/wp\/v2\/media?parent=612"}],"wp:term":[{"taxonomy":"product_cat","embeddable":true,"href":"https:\/\/xadoubleh.com\/pt\/wp-json\/wp\/v2\/product_cat?post=612"},{"taxonomy":"product_tag","embeddable":true,"href":"https:\/\/xadoubleh.com\/pt\/wp-json\/wp\/v2\/product_tag?post=612"}],"curies":[{"name":"wp","href":"https:\/\/api.w.org\/{rel}","templated":true}]}}