{"id":618,"date":"2024-10-26T07:59:27","date_gmt":"2024-10-26T07:59:27","guid":{"rendered":"http:\/\/xadoubleh.com\/?post_type=product&#038;p=618"},"modified":"2024-12-04T08:48:57","modified_gmt":"2024-12-04T08:48:57","slug":"skin-analyzer-magic-mirror-skin-analysis-device-professional-face-skin-analysis-4","status":"publish","type":"product","link":"https:\/\/xadoubleh.com\/pt\/produto\/analisador-de-pele-espelho-magico-aparelho-de-analise-da-pele-analise-profissional-da-pele-do-rosto-4\/","title":{"rendered":"SKIN ANALYZER Dispositivo de an\u00e1lise da pele Magic Mirror an\u00e1lise profissional da pele do rosto"},"content":{"rendered":"<p>No estado de luz natural, a luz do sol \u00e9 suave e uniforme. A luz difusa multidirecional \u00e9 utilizada para iluminar uniformemente todo o rosto, sem sombras e sem linhas n\u00edtidas, o que permite detetar o estado da cor da pele e ver claramente rugas, poros, manchas de cor e acne. Mostra claramente o estado do rosto<br \/>\npele \u00e0 luz solar natural, como base para a avalia\u00e7\u00e3o global da pele cl\u00ednica.<\/p>","protected":false},"excerpt":{"rendered":"<p><strong><b>ANALISADOR DE PELE <\/b><\/strong>Dispositivo de an\u00e1lise da pele Magic Mirror an\u00e1lise profissional da pele do rosto<\/p>","protected":false},"featured_media":619,"comment_status":"open","ping_status":"closed","template":"","meta":{"_acf_changed":false},"product_cat":[52],"product_tag":[],"class_list":{"0":"post-618","1":"product","2":"type-product","3":"status-publish","4":"has-post-thumbnail","6":"product_cat-skin-analyzer","8":"first","9":"instock","10":"shipping-taxable","11":"product-type-simple"},"acf":[],"_links":{"self":[{"href":"https:\/\/xadoubleh.com\/pt\/wp-json\/wp\/v2\/product\/618","targetHints":{"allow":["GET"]}}],"collection":[{"href":"https:\/\/xadoubleh.com\/pt\/wp-json\/wp\/v2\/product"}],"about":[{"href":"https:\/\/xadoubleh.com\/pt\/wp-json\/wp\/v2\/types\/product"}],"replies":[{"embeddable":true,"href":"https:\/\/xadoubleh.com\/pt\/wp-json\/wp\/v2\/comments?post=618"}],"wp:featuredmedia":[{"embeddable":true,"href":"https:\/\/xadoubleh.com\/pt\/wp-json\/wp\/v2\/media\/619"}],"wp:attachment":[{"href":"https:\/\/xadoubleh.com\/pt\/wp-json\/wp\/v2\/media?parent=618"}],"wp:term":[{"taxonomy":"product_cat","embeddable":true,"href":"https:\/\/xadoubleh.com\/pt\/wp-json\/wp\/v2\/product_cat?post=618"},{"taxonomy":"product_tag","embeddable":true,"href":"https:\/\/xadoubleh.com\/pt\/wp-json\/wp\/v2\/product_tag?post=618"}],"curies":[{"name":"wp","href":"https:\/\/api.w.org\/{rel}","templated":true}]}}