{"id":631,"date":"2024-10-26T08:06:33","date_gmt":"2024-10-26T08:06:33","guid":{"rendered":"http:\/\/xadoubleh.com\/?post_type=product&#038;p=631"},"modified":"2024-12-03T06:33:05","modified_gmt":"2024-12-03T06:33:05","slug":"four-spectrum-hair-follicle-skin-detector","status":"publish","type":"product","link":"https:\/\/xadoubleh.com\/pt\/produto\/detetor-de-pele-de-foliculos-pilosos-de-quatro-espectros\/","title":{"rendered":"DETECTOR DE PELE DE QUATRO ESPECTROS DE FOL\u00cdCULOS PILOSOS"},"content":{"rendered":"<p>Dete\u00e7\u00e3o de quatro espectros<\/p>\n<p>(Amplia\u00e7\u00e3o de 200X + 50X de tr\u00eas espectros)<\/p>\n<p>Aumento \u00f3tico de 200X para ampliar o couro cabeludo e o fol\u00edculo piloso com uma resolu\u00e7\u00e3o de 800X<\/p>\n<p>Espectro triplo de 50X para detetar tr\u00eas problemas diferentes no couro cabeludo e na pele<\/p>\n<p>Luz branca (dete\u00e7\u00e3o da pele): observa\u00e7\u00e3o de couro cabeludo seco e oleoso, fol\u00edculos capilares obstru\u00eddos,<\/p>\n<p>bem como o envelhecimento do couro cabeludo.<\/p>\n<p>Luz UV (camada UV): detetar precocemente a possibilidade de infe\u00e7\u00e3o do couro cabeludo na<\/p>\n<p>princ\u00edpio de que as subst\u00e2ncias do tipo porfirina metabolizadas pela epifoliculite ser\u00e3o<\/p>","protected":false},"excerpt":{"rendered":"<p>DETECTOR DE PELE DE QUATRO ESPECTROS DE FOL\u00cdCULOS PILOSOS<\/p>\n<p>(Amplia\u00e7\u00e3o de 200X + 50X de tr\u00eas espectros)<\/p>\n<p>Aumento \u00f3tico de 200X para ampliar o couro cabeludo e o fol\u00edculo piloso com uma resolu\u00e7\u00e3o de 800X<\/p>\n<p>Espectro triplo de 50X para detetar tr\u00eas problemas diferentes no couro cabeludo e na pele<\/p>\n<p>Luz branca (dete\u00e7\u00e3o da pele): observa\u00e7\u00e3o de couro cabeludo seco e oleoso, fol\u00edculos capilares obstru\u00eddos,<\/p>\n<p>bem como o envelhecimento do couro cabeludo.<\/p>\n<p>Luz UV (camada UV): detetar precocemente a possibilidade de infe\u00e7\u00e3o do couro cabeludo na<\/p>\n<p>princ\u00edpio de que as subst\u00e2ncias do tipo porfirina metabolizadas pela epifoliculite ser\u00e3o<\/p>\n<p>vermelho sob luz UV.<\/p>\n<p>Luz polarizada (dete\u00e7\u00e3o da mesoderme): dete\u00e7\u00e3o da vermelhid\u00e3o e da pigmenta\u00e7\u00e3o do couro cabeludo,<\/p>\n<p>e couro cabeludo todo ergon\u00f3mico na inflama\u00e7\u00e3o.<\/p>","protected":false},"featured_media":633,"comment_status":"open","ping_status":"closed","template":"","meta":{"_acf_changed":false},"product_cat":[51],"product_tag":[],"class_list":{"0":"post-631","1":"product","2":"type-product","3":"status-publish","4":"has-post-thumbnail","6":"product_cat-hair-scalp-detector","8":"first","9":"instock","10":"shipping-taxable","11":"product-type-simple"},"acf":[],"_links":{"self":[{"href":"https:\/\/xadoubleh.com\/pt\/wp-json\/wp\/v2\/product\/631","targetHints":{"allow":["GET"]}}],"collection":[{"href":"https:\/\/xadoubleh.com\/pt\/wp-json\/wp\/v2\/product"}],"about":[{"href":"https:\/\/xadoubleh.com\/pt\/wp-json\/wp\/v2\/types\/product"}],"replies":[{"embeddable":true,"href":"https:\/\/xadoubleh.com\/pt\/wp-json\/wp\/v2\/comments?post=631"}],"wp:featuredmedia":[{"embeddable":true,"href":"https:\/\/xadoubleh.com\/pt\/wp-json\/wp\/v2\/media\/633"}],"wp:attachment":[{"href":"https:\/\/xadoubleh.com\/pt\/wp-json\/wp\/v2\/media?parent=631"}],"wp:term":[{"taxonomy":"product_cat","embeddable":true,"href":"https:\/\/xadoubleh.com\/pt\/wp-json\/wp\/v2\/product_cat?post=631"},{"taxonomy":"product_tag","embeddable":true,"href":"https:\/\/xadoubleh.com\/pt\/wp-json\/wp\/v2\/product_tag?post=631"}],"curies":[{"name":"wp","href":"https:\/\/api.w.org\/{rel}","templated":true}]}}