{"id":643,"date":"2024-10-26T08:10:09","date_gmt":"2024-10-26T08:10:09","guid":{"rendered":"http:\/\/xadoubleh.com\/?post_type=product&#038;p=643"},"modified":"2024-10-26T08:10:09","modified_gmt":"2024-10-26T08:10:09","slug":"gold-microneedle-crystallite-depth-8","status":"publish","type":"product","link":"https:\/\/xadoubleh.com\/pt\/produto\/microagulha-de-ouro-profundidade-de-cristalite-8\/","title":{"rendered":"MICROAGULHA DE OURO PROFUNDIDADE DE CRISTALITE 8"},"content":{"rendered":"<p>MICROAGULHA DE OURO PROFUNDIDADE DE CRISTALITE 8<\/p>\n<p>Rejuvenescimento, firmeza e lifting da pele<\/p>\n<p>Favorecer a regenera\u00e7\u00e3o do colag\u00e9nio<\/p>\n<p>Remo\u00e7\u00e3o de rugas<\/p>\n<p>Martelo de gelo para peles sens\u00edveis<\/p>\n<p>Melhorar o tamanho dos poros<\/p>\n<p>Remo\u00e7\u00e3o de cicatrizes e acne<\/p>\n<p>Desodoriza\u00e7\u00e3o: tratar o odor das axilas e a hiperidrose das axilas<\/p>\n<p>Repara\u00e7\u00e3o p\u00f3s-parto: Estrias abdominais, marcas de incha\u00e7o<\/p>\n<p>nas n\u00e1degas e pernas<\/p>","protected":false},"excerpt":{"rendered":"<p>MICROAGULHA DE OURO PROFUNDIDADE DE CRISTALITE 8<\/p>\n<p>Pegas duplas (corpo + rosto)<\/p>\n<p>Martelo de gelo<\/p>\n<p>Rejuvenescimento, firmeza e lifting da pele<\/p>\n<p>Favorecer a regenera\u00e7\u00e3o do colag\u00e9nio<\/p>\n<p>Remo\u00e7\u00e3o de rugas<\/p>","protected":false},"featured_media":644,"comment_status":"open","ping_status":"closed","template":"","meta":{"_acf_changed":false},"product_cat":[50],"product_tag":[],"class_list":{"0":"post-643","1":"product","2":"type-product","3":"status-publish","4":"has-post-thumbnail","6":"product_cat-rf-microneedling-machine","8":"first","9":"instock","10":"shipping-taxable","11":"product-type-simple"},"acf":[],"_links":{"self":[{"href":"https:\/\/xadoubleh.com\/pt\/wp-json\/wp\/v2\/product\/643","targetHints":{"allow":["GET"]}}],"collection":[{"href":"https:\/\/xadoubleh.com\/pt\/wp-json\/wp\/v2\/product"}],"about":[{"href":"https:\/\/xadoubleh.com\/pt\/wp-json\/wp\/v2\/types\/product"}],"replies":[{"embeddable":true,"href":"https:\/\/xadoubleh.com\/pt\/wp-json\/wp\/v2\/comments?post=643"}],"wp:featuredmedia":[{"embeddable":true,"href":"https:\/\/xadoubleh.com\/pt\/wp-json\/wp\/v2\/media\/644"}],"wp:attachment":[{"href":"https:\/\/xadoubleh.com\/pt\/wp-json\/wp\/v2\/media?parent=643"}],"wp:term":[{"taxonomy":"product_cat","embeddable":true,"href":"https:\/\/xadoubleh.com\/pt\/wp-json\/wp\/v2\/product_cat?post=643"},{"taxonomy":"product_tag","embeddable":true,"href":"https:\/\/xadoubleh.com\/pt\/wp-json\/wp\/v2\/product_tag?post=643"}],"curies":[{"name":"wp","href":"https:\/\/api.w.org\/{rel}","templated":true}]}}