{"id":710,"date":"2024-10-26T08:29:25","date_gmt":"2024-10-26T08:29:25","guid":{"rendered":"http:\/\/xadoubleh.com\/?post_type=product&#038;p=710"},"modified":"2024-10-26T08:29:25","modified_gmt":"2024-10-26T08:29:25","slug":"fractional-co2-laser-machine-skin-rejuvenation-and-scar-removal","status":"publish","type":"product","link":"https:\/\/xadoubleh.com\/pt\/produto\/maquina-de-laser-de-co2-fraccionado-rejuvenescimento-da-pele-e-remocao-de-cicatrizes\/","title":{"rendered":"M\u00c1QUINA DE LASER CO2 FRACIONADO rejuvenescimento da pele e remo\u00e7\u00e3o de cicatrizes"},"content":{"rendered":"<p>M\u00c1QUINA LASER DE CO2 FRACCIONADA<\/p>\n<p>Laser de Co2 fraccionado para rejuvenescimento da pele e remo\u00e7\u00e3o de cicatrizes<\/p>\n<p>Aperto vaginal opcional<\/p>\n<p>Remo\u00e7\u00e3o de cicatrizes, Remo\u00e7\u00e3o de estrias<\/p>\n<p>Melhorar as les\u00f5es de acne, Rejuvenescimento da pele<\/p>\n<p>Corte cir\u00fargico, Pigmenta\u00e7\u00e3o da epiderm\u00f3lise bolhosa, Cuidados \u00edntimos<\/p>","protected":false},"excerpt":{"rendered":"<p>M\u00c1QUINA LASER DE CO2 FRACCIONADA<\/p>\n<p>Laser de Co2 fraccionado para rejuvenescimento da pele e remo\u00e7\u00e3o de cicatrizes<\/p>\n<p>Aperto vaginal opcional<\/p>\n<p>Remo\u00e7\u00e3o de cicatrizes, Remo\u00e7\u00e3o de estrias<\/p>\n<p>Melhorar as les\u00f5es de acne, Rejuvenescimento da pele<\/p>\n<p>Corte cir\u00fargico, Pigmenta\u00e7\u00e3o da epiderm\u00f3lise bolhosa, Cuidados \u00edntimos<\/p>","protected":false},"featured_media":711,"comment_status":"open","ping_status":"closed","template":"","meta":{"_acf_changed":false},"product_cat":[54],"product_tag":[],"class_list":{"0":"post-710","1":"product","2":"type-product","3":"status-publish","4":"has-post-thumbnail","6":"product_cat-fractional-co2-laser-machine","8":"first","9":"instock","10":"shipping-taxable","11":"product-type-simple"},"acf":[],"_links":{"self":[{"href":"https:\/\/xadoubleh.com\/pt\/wp-json\/wp\/v2\/product\/710","targetHints":{"allow":["GET"]}}],"collection":[{"href":"https:\/\/xadoubleh.com\/pt\/wp-json\/wp\/v2\/product"}],"about":[{"href":"https:\/\/xadoubleh.com\/pt\/wp-json\/wp\/v2\/types\/product"}],"replies":[{"embeddable":true,"href":"https:\/\/xadoubleh.com\/pt\/wp-json\/wp\/v2\/comments?post=710"}],"wp:featuredmedia":[{"embeddable":true,"href":"https:\/\/xadoubleh.com\/pt\/wp-json\/wp\/v2\/media\/711"}],"wp:attachment":[{"href":"https:\/\/xadoubleh.com\/pt\/wp-json\/wp\/v2\/media?parent=710"}],"wp:term":[{"taxonomy":"product_cat","embeddable":true,"href":"https:\/\/xadoubleh.com\/pt\/wp-json\/wp\/v2\/product_cat?post=710"},{"taxonomy":"product_tag","embeddable":true,"href":"https:\/\/xadoubleh.com\/pt\/wp-json\/wp\/v2\/product_tag?post=710"}],"curies":[{"name":"wp","href":"https:\/\/api.w.org\/{rel}","templated":true}]}}