{"id":732,"date":"2024-10-26T08:33:29","date_gmt":"2024-10-26T08:33:29","guid":{"rendered":"http:\/\/xadoubleh.com\/?post_type=product&#038;p=732"},"modified":"2024-10-26T08:33:57","modified_gmt":"2024-10-26T08:33:57","slug":"ems-sculpting-machine-body-slimming-muscle-buiding-2","status":"publish","type":"product","link":"https:\/\/xadoubleh.com\/pt\/produto\/maquina-de-esculpir-corpo-ems-emagrecimento-muscular-2\/","title":{"rendered":"M\u00c1QUINA DE ESCOVA\u00c7\u00c3O EMS Emagrecimento corporal Constru\u00e7\u00e3o muscular"},"content":{"rendered":"<p>M\u00c1QUINA DE ESCULPIR EMS<\/p>\n<p>Emagrecimento do corpo<\/p>\n<p>Constru\u00e7\u00e3o muscular<\/p>\n<p>Firmeza do abd\u00f3men<\/p>\n<p>Tonifica\u00e7\u00e3o das n\u00e1degas<\/p>\n<p>Remo\u00e7\u00e3o da celulite<\/p>","protected":false},"excerpt":{"rendered":"<p>M\u00c1QUINA DE ESCULPIR EMS<\/p>\n<p>Emagrecimento do corpo<\/p>\n<p>Constru\u00e7\u00e3o muscular<\/p>\n<p>Firmeza do abd\u00f3men<\/p>\n<p>Tonifica\u00e7\u00e3o das n\u00e1degas<\/p>\n<p>Remo\u00e7\u00e3o da celulite<\/p>","protected":false},"featured_media":733,"comment_status":"open","ping_status":"closed","template":"","meta":{"_acf_changed":false},"product_cat":[46],"product_tag":[],"class_list":{"0":"post-732","1":"product","2":"type-product","3":"status-publish","4":"has-post-thumbnail","6":"product_cat-ems-sculpting-machine","8":"first","9":"instock","10":"shipping-taxable","11":"product-type-simple"},"acf":[],"_links":{"self":[{"href":"https:\/\/xadoubleh.com\/pt\/wp-json\/wp\/v2\/product\/732","targetHints":{"allow":["GET"]}}],"collection":[{"href":"https:\/\/xadoubleh.com\/pt\/wp-json\/wp\/v2\/product"}],"about":[{"href":"https:\/\/xadoubleh.com\/pt\/wp-json\/wp\/v2\/types\/product"}],"replies":[{"embeddable":true,"href":"https:\/\/xadoubleh.com\/pt\/wp-json\/wp\/v2\/comments?post=732"}],"wp:featuredmedia":[{"embeddable":true,"href":"https:\/\/xadoubleh.com\/pt\/wp-json\/wp\/v2\/media\/733"}],"wp:attachment":[{"href":"https:\/\/xadoubleh.com\/pt\/wp-json\/wp\/v2\/media?parent=732"}],"wp:term":[{"taxonomy":"product_cat","embeddable":true,"href":"https:\/\/xadoubleh.com\/pt\/wp-json\/wp\/v2\/product_cat?post=732"},{"taxonomy":"product_tag","embeddable":true,"href":"https:\/\/xadoubleh.com\/pt\/wp-json\/wp\/v2\/product_tag?post=732"}],"curies":[{"name":"wp","href":"https:\/\/api.w.org\/{rel}","templated":true}]}}